{"id":2058,"date":"2022-09-05T18:27:15","date_gmt":"2022-09-05T16:27:15","guid":{"rendered":"https:\/\/leschiffonniersmorlaix.fr\/?page_id=2058"},"modified":"2025-04-13T11:49:54","modified_gmt":"2025-04-13T09:49:54","slug":"les-creations-et-createurs-2","status":"publish","type":"page","link":"https:\/\/leschiffonniersmorlaix.fr\/?page_id=2058","title":{"rendered":"Les Ateliers"},"content":{"rendered":"\n<div class=\"wp-block-jetpack-slideshow aligncenter\" data-effect=\"slide\"><div class=\"wp-block-jetpack-slideshow_container swiper-container\"><ul class=\"wp-block-jetpack-slideshow_swiper-wrapper swiper-wrapper\"><li class=\"wp-block-jetpack-slideshow_slide swiper-slide\"><figure><img loading=\"lazy\" decoding=\"async\" width=\"800\" height=\"410\" alt=\"\" class=\"wp-block-jetpack-slideshow_image wp-image-2059\" data-id=\"2059\" src=\"https:\/\/leschiffonniersmorlaix.fr\/wp-content\/uploads\/2022\/09\/P1370491.jpg\" srcset=\"https:\/\/leschiffonniersmorlaix.fr\/wp-content\/uploads\/2022\/09\/P1370491.jpg 800w, https:\/\/leschiffonniersmorlaix.fr\/wp-content\/uploads\/2022\/09\/P1370491-300x154.jpg 300w, https:\/\/leschiffonniersmorlaix.fr\/wp-content\/uploads\/2022\/09\/P1370491-768x394.jpg 768w\" sizes=\"(max-width: 800px) 85vw, 800px\" \/><\/figure><\/li><li class=\"wp-block-jetpack-slideshow_slide swiper-slide\"><figure><img loading=\"lazy\" decoding=\"async\" width=\"800\" height=\"399\" alt=\"\" class=\"wp-block-jetpack-slideshow_image wp-image-2060\" data-id=\"2060\" src=\"https:\/\/leschiffonniersmorlaix.fr\/wp-content\/uploads\/2022\/09\/P1340738.jpg\" srcset=\"https:\/\/leschiffonniersmorlaix.fr\/wp-content\/uploads\/2022\/09\/P1340738.jpg 800w, https:\/\/leschiffonniersmorlaix.fr\/wp-content\/uploads\/2022\/09\/P1340738-300x150.jpg 300w, https:\/\/leschiffonniersmorlaix.fr\/wp-content\/uploads\/2022\/09\/P1340738-768x383.jpg 768w\" sizes=\"(max-width: 800px) 85vw, 800px\" \/><\/figure><\/li><\/ul><a class=\"wp-block-jetpack-slideshow_button-prev swiper-button-prev swiper-button-white\" role=\"button\"><\/a><a class=\"wp-block-jetpack-slideshow_button-next swiper-button-next swiper-button-white\" role=\"button\"><\/a><a aria-label=\"Pause Slideshow\" class=\"wp-block-jetpack-slideshow_button-pause\" role=\"button\"><\/a><div class=\"wp-block-jetpack-slideshow_pagination swiper-pagination swiper-pagination-white\"><\/div><\/div><\/div>\n\n\n\n<p>En sus de la Ressourcerie, les Chiffs\u2019 disposent \u00e9galement sur le site de deux ateliers&nbsp;: l\u2019un, orient\u00e9 autour de la cr\u00e9ation (upcycling mobilier, objets du quotidien\u2026) et l\u2019autre, orient\u00e9 autour du cycle. Le tout, au service des b\u00e9n\u00e9voles ou des adh\u00e9rents<\/p>\n\n\n\n<p class=\"has-text-align-justify\"><\/p>\n\n\n\n<p class=\"has-text-align-justify has-white-color has-dark-gray-background-color has-text-color has-background\">&nbsp;&nbsp;&nbsp;&nbsp;&nbsp;&nbsp;&nbsp;&nbsp;&nbsp;&nbsp;&nbsp;&nbsp;&nbsp; &nbsp;&nbsp;&nbsp;&nbsp;&nbsp;&nbsp;&nbsp;&nbsp;&nbsp;&nbsp;&nbsp;&nbsp;&nbsp;&nbsp;&nbsp;&nbsp;&nbsp;\u00ab&nbsp;L\u2019ATEUL&nbsp;\u00bb : l\u2019atelier cr\u00e9ation<\/p>\n\n\n\n<p>L\u2019atelier cr\u00e9ation est un atelier au service des b\u00e9n\u00e9voles et adh\u00e9rents de l\u2019association. C\u2019est aussi un lieu de partage et d\u2019apprentissage ou chacun peut venir glaner des conseils aupr\u00e8s de Laurent, dipl\u00f4m\u00e9 de menuiserie et des b\u00e9n\u00e9voles investis au quotidien.<\/p>\n\n\n\n<p><br>LES MISSIONS PRINCIPALES :<\/p>\n\n\n\n<ul class=\"wp-block-list\">\n<li>Permettre au public l\u2019acquisition de cr\u00e9ations uniques et<br>originales \u00e0 prix solidaire.<\/li>\n<\/ul>\n\n\n\n<ul class=\"wp-block-list\">\n<li>Permettre aux b\u00e9n\u00e9voles, particuliers, stagiaires, \u00e9coles et<br>b\u00e9n\u00e9ficiaires de prendre du plaisir et de d\u00e9velopper des<br>comp\u00e9tences dans la r\u00e9fection, la r\u00e9novation, l\u2019upcycling de<br>mobiliers et objets divers gr\u00e2ce \u00e0 un professionnel qualifi\u00e9<br><br><\/li>\n\n\n\n<li>Favoriser le r\u00e9emploi et le recyclage de mobiliers \u00e0 travers<br>l\u2019upcycling, la r\u00e9paration et la restauration ;<\/li>\n<\/ul>\n\n\n\n<ul class=\"wp-block-list\">\n<li>Permettre aux b\u00e9n\u00e9voles de penser et cr\u00e9er pour soi<br>(\u00e9quiper son logement) ou \u00e0 destination du magasin <br><\/li>\n<\/ul>\n\n\n\n<p>Pour tout renseignement :<br>Laurent LE DOUCEN<br>07 67 94 75 34<br><a href=\"mailto:Laurent.chiffonniersdelajoie@gmail.com\">Laurent.chiffonniersdelajoie@gmail.com<\/a><\/p>\n\n\n\n<div class=\"wp-block-buttons is-layout-flex wp-block-buttons-is-layout-flex\">\n<div class=\"wp-block-button\"><a class=\"wp-block-button__link wp-element-button\" href=\"https:\/\/leschiffonniersmorlaix.fr\/wp-content\/uploads\/2025\/04\/Plaquette-Atelier-Creatio_n-1.pdf\">Plaquette Ateul<\/a><\/div>\n\n\n<\/div>\n\n\n\n<figure class=\"wp-block-image size-full\"><img loading=\"lazy\" decoding=\"async\" width=\"800\" height=\"443\" src=\"https:\/\/leschiffonniersmorlaix.fr\/wp-content\/uploads\/2022\/08\/P1380336.jpg\" alt=\"\" class=\"wp-image-1931\" srcset=\"https:\/\/leschiffonniersmorlaix.fr\/wp-content\/uploads\/2022\/08\/P1380336.jpg 800w, https:\/\/leschiffonniersmorlaix.fr\/wp-content\/uploads\/2022\/08\/P1380336-300x166.jpg 300w, https:\/\/leschiffonniersmorlaix.fr\/wp-content\/uploads\/2022\/08\/P1380336-768x425.jpg 768w\" sizes=\"auto, (max-width: 800px) 85vw, 800px\" \/><\/figure>\n\n\n\n<hr class=\"wp-block-separator has-alpha-channel-opacity\"\/>\n\n\n\n<p class=\"has-white-color has-dark-gray-background-color has-text-color has-background\">\u00ab&nbsp;LA PEDALE DOUCE&nbsp;\u00bb : l\u2019atelier cycles<\/p>\n\n\n\n<figure class=\"wp-block-table\"><table class=\"has-fixed-layout\"><tbody><tr><td>La \u00ab p\u00e9dale douce \u00bb est un atelier de r\u00e9paration de cycles, situ\u00e9 au c\u0153ur des Chiffonniers, \u00e0 proximit\u00e9 de l\u2019Ateul\u2019. <br><br>Port\u00e9 par Christophe, encadrant technique v\u00e9lo et une \u00e9quipe de b\u00e9n\u00e9voles aguerrie, ce lieu d\u2019\u00e9change et de partage est \u00e9galement une possibilit\u00e9 pour chacun de conjuguer r\u00e9emploi, plaisir et mont\u00e9e en comp\u00e9tences.<br><br>LES MISSIONS PRINCIPALES :<br><br>&#8211; Permettre aux b\u00e9n\u00e9voles, particuliers, stagiaires, \u00e9coles et<br>b\u00e9n\u00e9ficiaires de prendre du plaisir et de d\u00e9velopper des<br>comp\u00e9tences dans la r\u00e9paration de cycles gr\u00e2ce \u00e0 un<br>professionnel qualifi\u00e9 ;<br><br>&#8211; Favoriser la r\u00e9duction des d\u00e9chets dans la fili\u00e8re cycles \u00e0<br>travers le r\u00e9emploi et la r\u00e9paration ;<br><br>&#8211; Promouvoir l\u2019utilisation des mobilit\u00e9s durables ;<br><br>&#8211; Permettre l\u2019acquisition de cycles et \u00e9quipements \u00e0 prix<br>solidaire <br><br>Pour tout renseignement :  02.98.62.18.60<br><\/td><\/tr><\/tbody><\/table><\/figure>\n\n\n\n<div class=\"wp-block-buttons is-layout-flex wp-block-buttons-is-layout-flex\">\n<div class=\"wp-block-button\"><a class=\"wp-block-button__link wp-element-button\" href=\"https:\/\/leschiffonniersmorlaix.fr\/wp-content\/uploads\/2025\/04\/Plaquette-Atelier-Cycles-V2.pdf\">Plaquette atelier Cycles<\/a><\/div>\n<\/div>\n\n\n\n<p><\/p>\n\n\n\n<div class=\"wp-block-columns is-layout-flex wp-container-core-columns-is-layout-9d6595d7 wp-block-columns-is-layout-flex\">\n<div class=\"wp-block-column is-layout-flow wp-block-column-is-layout-flow\">\n<figure class=\"wp-block-image size-full\"><img loading=\"lazy\" decoding=\"async\" width=\"600\" height=\"800\" src=\"https:\/\/leschiffonniersmorlaix.fr\/wp-content\/uploads\/2022\/09\/P1400132.jpg\" alt=\"\" class=\"wp-image-2131\" srcset=\"https:\/\/leschiffonniersmorlaix.fr\/wp-content\/uploads\/2022\/09\/P1400132.jpg 600w, https:\/\/leschiffonniersmorlaix.fr\/wp-content\/uploads\/2022\/09\/P1400132-225x300.jpg 225w\" sizes=\"auto, (max-width: 600px) 85vw, 600px\" \/><\/figure>\n<\/div>\n\n\n\n<div class=\"wp-block-column is-layout-flow wp-block-column-is-layout-flow\">\n<figure class=\"wp-block-image size-full\"><img loading=\"lazy\" decoding=\"async\" width=\"600\" height=\"800\" src=\"https:\/\/leschiffonniersmorlaix.fr\/wp-content\/uploads\/2022\/09\/Pch-129.jpg\" alt=\"\" class=\"wp-image-2133\" srcset=\"https:\/\/leschiffonniersmorlaix.fr\/wp-content\/uploads\/2022\/09\/Pch-129.jpg 600w, https:\/\/leschiffonniersmorlaix.fr\/wp-content\/uploads\/2022\/09\/Pch-129-225x300.jpg 225w\" sizes=\"auto, (max-width: 600px) 85vw, 600px\" \/><\/figure>\n<\/div>\n\n\n\n<div class=\"wp-block-column is-layout-flow wp-block-column-is-layout-flow\">\n<figure class=\"wp-block-image size-full\"><img loading=\"lazy\" decoding=\"async\" width=\"600\" height=\"800\" src=\"https:\/\/leschiffonniersmorlaix.fr\/wp-content\/uploads\/2022\/09\/Pch-90.jpg\" alt=\"\" class=\"wp-image-2134\" srcset=\"https:\/\/leschiffonniersmorlaix.fr\/wp-content\/uploads\/2022\/09\/Pch-90.jpg 600w, https:\/\/leschiffonniersmorlaix.fr\/wp-content\/uploads\/2022\/09\/Pch-90-225x300.jpg 225w\" sizes=\"auto, (max-width: 600px) 85vw, 600px\" \/><\/figure>\n<\/div>\n<\/div>\n\n\n\n<p><\/p>\n","protected":false},"excerpt":{"rendered":"<p>En sus de la Ressourcerie, les Chiffs\u2019 disposent \u00e9galement sur le site de deux ateliers&nbsp;: l\u2019un, orient\u00e9 autour de la cr\u00e9ation (upcycling mobilier, objets du quotidien\u2026) et l\u2019autre, orient\u00e9 autour du cycle. Le tout, au service des b\u00e9n\u00e9voles ou des adh\u00e9rents &nbsp;&nbsp;&nbsp;&nbsp;&nbsp;&nbsp;&nbsp;&nbsp;&nbsp;&nbsp;&nbsp;&nbsp;&nbsp; &nbsp;&nbsp;&nbsp;&nbsp;&nbsp;&nbsp;&nbsp;&nbsp;&nbsp;&nbsp;&nbsp;&nbsp;&nbsp;&nbsp;&nbsp;&nbsp;&nbsp;\u00ab&nbsp;L\u2019ATEUL&nbsp;\u00bb : l\u2019atelier cr\u00e9ation L\u2019atelier cr\u00e9ation est un atelier au service des b\u00e9n\u00e9voles &hellip; <a href=\"https:\/\/leschiffonniersmorlaix.fr\/?page_id=2058\" class=\"more-link\">Continuer la lecture<span class=\"screen-reader-text\"> de &laquo;&nbsp;Les Ateliers&nbsp;&raquo;<\/span><\/a><\/p>\n","protected":false},"author":1,"featured_media":0,"parent":0,"menu_order":0,"comment_status":"closed","ping_status":"closed","template":"","meta":{"footnotes":""},"class_list":["post-2058","page","type-page","status-publish","hentry"],"jetpack_sharing_enabled":true,"_links":{"self":[{"href":"https:\/\/leschiffonniersmorlaix.fr\/index.php?rest_route=\/wp\/v2\/pages\/2058","targetHints":{"allow":["GET"]}}],"collection":[{"href":"https:\/\/leschiffonniersmorlaix.fr\/index.php?rest_route=\/wp\/v2\/pages"}],"about":[{"href":"https:\/\/leschiffonniersmorlaix.fr\/index.php?rest_route=\/wp\/v2\/types\/page"}],"author":[{"embeddable":true,"href":"https:\/\/leschiffonniersmorlaix.fr\/index.php?rest_route=\/wp\/v2\/users\/1"}],"replies":[{"embeddable":true,"href":"https:\/\/leschiffonniersmorlaix.fr\/index.php?rest_route=%2Fwp%2Fv2%2Fcomments&post=2058"}],"version-history":[{"count":29,"href":"https:\/\/leschiffonniersmorlaix.fr\/index.php?rest_route=\/wp\/v2\/pages\/2058\/revisions"}],"predecessor-version":[{"id":2507,"href":"https:\/\/leschiffonniersmorlaix.fr\/index.php?rest_route=\/wp\/v2\/pages\/2058\/revisions\/2507"}],"wp:attachment":[{"href":"https:\/\/leschiffonniersmorlaix.fr\/index.php?rest_route=%2Fwp%2Fv2%2Fmedia&parent=2058"}],"curies":[{"name":"wp","href":"https:\/\/api.w.org\/{rel}","templated":true}]}}