{"id":1957,"date":"2022-08-08T18:13:04","date_gmt":"2022-08-08T16:13:04","guid":{"rendered":"https:\/\/leschiffonniersmorlaix.fr\/?page_id=1957"},"modified":"2025-10-20T11:46:12","modified_gmt":"2025-10-20T09:46:12","slug":"les-collectes-2","status":"publish","type":"page","link":"https:\/\/leschiffonniersmorlaix.fr\/?page_id=1957","title":{"rendered":"Nos prestations de collectes-d\u00e9barras"},"content":{"rendered":"\n<div class=\"wp-block-jetpack-slideshow aligncenter\" data-effect=\"slide\"><div class=\"wp-block-jetpack-slideshow_container swiper\"><ul class=\"wp-block-jetpack-slideshow_swiper-wrapper swiper-wrapper\"><li class=\"wp-block-jetpack-slideshow_slide swiper-slide\"><figure><img loading=\"lazy\" decoding=\"async\" width=\"800\" height=\"466\" alt=\"\" class=\"wp-block-jetpack-slideshow_image wp-image-1958\" data-id=\"1958\" src=\"https:\/\/leschiffonniersmorlaix.fr\/wp-content\/uploads\/2022\/08\/P1310516s-1.jpg\" srcset=\"https:\/\/leschiffonniersmorlaix.fr\/wp-content\/uploads\/2022\/08\/P1310516s-1.jpg 800w, https:\/\/leschiffonniersmorlaix.fr\/wp-content\/uploads\/2022\/08\/P1310516s-1-300x175.jpg 300w, https:\/\/leschiffonniersmorlaix.fr\/wp-content\/uploads\/2022\/08\/P1310516s-1-768x447.jpg 768w\" sizes=\"(max-width: 800px) 85vw, 800px\" \/><\/figure><\/li><li class=\"wp-block-jetpack-slideshow_slide swiper-slide\"><figure><img loading=\"lazy\" decoding=\"async\" width=\"800\" height=\"419\" alt=\"\" class=\"wp-block-jetpack-slideshow_image wp-image-1959\" data-id=\"1959\" src=\"https:\/\/leschiffonniersmorlaix.fr\/wp-content\/uploads\/2022\/08\/P1380128.jpg\" srcset=\"https:\/\/leschiffonniersmorlaix.fr\/wp-content\/uploads\/2022\/08\/P1380128.jpg 800w, https:\/\/leschiffonniersmorlaix.fr\/wp-content\/uploads\/2022\/08\/P1380128-300x157.jpg 300w, https:\/\/leschiffonniersmorlaix.fr\/wp-content\/uploads\/2022\/08\/P1380128-768x402.jpg 768w\" sizes=\"(max-width: 800px) 85vw, 800px\" \/><\/figure><\/li><li class=\"wp-block-jetpack-slideshow_slide swiper-slide\"><figure><img loading=\"lazy\" decoding=\"async\" width=\"800\" height=\"359\" alt=\"\" class=\"wp-block-jetpack-slideshow_image wp-image-2147\" data-id=\"2147\" src=\"https:\/\/leschiffonniersmorlaix.fr\/wp-content\/uploads\/2022\/09\/P13907101.jpg\" srcset=\"https:\/\/leschiffonniersmorlaix.fr\/wp-content\/uploads\/2022\/09\/P13907101.jpg 800w, https:\/\/leschiffonniersmorlaix.fr\/wp-content\/uploads\/2022\/09\/P13907101-300x135.jpg 300w, https:\/\/leschiffonniersmorlaix.fr\/wp-content\/uploads\/2022\/09\/P13907101-768x345.jpg 768w\" sizes=\"(max-width: 800px) 85vw, 800px\" \/><\/figure><\/li><\/ul><a class=\"wp-block-jetpack-slideshow_button-prev swiper-button-prev swiper-button-white\" role=\"button\"><\/a><a class=\"wp-block-jetpack-slideshow_button-next swiper-button-next swiper-button-white\" role=\"button\"><\/a><a aria-label=\"Pause Slideshow\" class=\"wp-block-jetpack-slideshow_button-pause\" role=\"button\"><\/a><div class=\"wp-block-jetpack-slideshow_pagination swiper-pagination swiper-pagination-white\"><\/div><\/div><\/div>\n\n\n\n<p class=\"has-text-align-justify\">Dans le cadre de notre prestation de collecte, nous proposons un service de d\u00e9barras\u00a0: lors des vides maison, l\u2019\u00e9quipe \u00e9value le potentiel de r\u00e9emploi. <br>Si toute la mati\u00e8re r\u00e9cup\u00e9r\u00e9e ne peut \u00eatre vendue, un devis est effectu\u00e9 en amont et la prestation est factur\u00e9e.<br><br>Contact : Laura<br>T\u00e9l\u00e9phone 06.38.04.89.45 \/ 02.98.62.18.60<br>Mail <a href=\"mailto:contact.collecte@gmail.com\">contact.collecte@gmail.com<\/a><\/p>\n\n\n\n<div class=\"wp-block-columns is-layout-flex wp-container-core-columns-is-layout-9d6595d7 wp-block-columns-is-layout-flex\">\n<div class=\"wp-block-column is-layout-flow wp-block-column-is-layout-flow\">\n<figure class=\"wp-block-image size-full\"><img loading=\"lazy\" decoding=\"async\" width=\"600\" height=\"800\" src=\"https:\/\/leschiffonniersmorlaix.fr\/wp-content\/uploads\/2022\/08\/Pch-13.jpg\" alt=\"\" class=\"wp-image-1960\" srcset=\"https:\/\/leschiffonniersmorlaix.fr\/wp-content\/uploads\/2022\/08\/Pch-13.jpg 600w, https:\/\/leschiffonniersmorlaix.fr\/wp-content\/uploads\/2022\/08\/Pch-13-225x300.jpg 225w\" sizes=\"auto, (max-width: 600px) 85vw, 600px\" \/><\/figure>\n<\/div>\n\n\n\n<div class=\"wp-block-column is-layout-flow wp-block-column-is-layout-flow\">\n<figure class=\"wp-block-image size-full\"><img loading=\"lazy\" decoding=\"async\" width=\"600\" height=\"800\" src=\"https:\/\/leschiffonniersmorlaix.fr\/wp-content\/uploads\/2022\/08\/Pch-128.jpg\" alt=\"\" class=\"wp-image-1961\" srcset=\"https:\/\/leschiffonniersmorlaix.fr\/wp-content\/uploads\/2022\/08\/Pch-128.jpg 600w, https:\/\/leschiffonniersmorlaix.fr\/wp-content\/uploads\/2022\/08\/Pch-128-225x300.jpg 225w\" sizes=\"auto, (max-width: 600px) 85vw, 600px\" \/><\/figure>\n<\/div>\n\n\n\n<div class=\"wp-block-column is-layout-flow wp-block-column-is-layout-flow\">\n<figure class=\"wp-block-image size-full\"><img loading=\"lazy\" decoding=\"async\" width=\"600\" height=\"800\" src=\"https:\/\/leschiffonniersmorlaix.fr\/wp-content\/uploads\/2022\/08\/P1340452.jpg\" alt=\"\" class=\"wp-image-1963\" srcset=\"https:\/\/leschiffonniersmorlaix.fr\/wp-content\/uploads\/2022\/08\/P1340452.jpg 600w, https:\/\/leschiffonniersmorlaix.fr\/wp-content\/uploads\/2022\/08\/P1340452-225x300.jpg 225w\" sizes=\"auto, (max-width: 600px) 85vw, 600px\" \/><\/figure>\n<\/div>\n<\/div>\n\n\n\n<pre class=\"wp-block-preformatted\">Les Chiffonniers vous d\u00e9barrassent de tout\u2026 D'un simple canap\u00e9 ou de la cave au grenier!<\/pre>\n\n\n\n<div class=\"wp-block-columns is-layout-flex wp-container-core-columns-is-layout-9d6595d7 wp-block-columns-is-layout-flex\">\n<div class=\"wp-block-column is-layout-flow wp-block-column-is-layout-flow\" style=\"flex-basis:100%\">\n<div class=\"wp-block-columns is-layout-flex wp-container-core-columns-is-layout-9d6595d7 wp-block-columns-is-layout-flex\">\n<div class=\"wp-block-column is-layout-flow wp-block-column-is-layout-flow\">\n<figure class=\"wp-block-image size-full\"><img loading=\"lazy\" decoding=\"async\" width=\"800\" height=\"600\" src=\"https:\/\/leschiffonniersmorlaix.fr\/wp-content\/uploads\/2022\/08\/Pch-94.jpg\" alt=\"\" class=\"wp-image-1965\" srcset=\"https:\/\/leschiffonniersmorlaix.fr\/wp-content\/uploads\/2022\/08\/Pch-94.jpg 800w, https:\/\/leschiffonniersmorlaix.fr\/wp-content\/uploads\/2022\/08\/Pch-94-300x225.jpg 300w, https:\/\/leschiffonniersmorlaix.fr\/wp-content\/uploads\/2022\/08\/Pch-94-768x576.jpg 768w\" sizes=\"auto, (max-width: 800px) 85vw, 800px\" \/><\/figure>\n\n\n\n<p><\/p>\n<\/div>\n\n\n\n<div class=\"wp-block-column is-layout-flow wp-block-column-is-layout-flow\">\n<figure class=\"wp-block-image size-full\"><img loading=\"lazy\" decoding=\"async\" width=\"800\" height=\"600\" src=\"https:\/\/leschiffonniersmorlaix.fr\/wp-content\/uploads\/2022\/08\/Pch-139.jpg\" alt=\"\" class=\"wp-image-1964\" srcset=\"https:\/\/leschiffonniersmorlaix.fr\/wp-content\/uploads\/2022\/08\/Pch-139.jpg 800w, https:\/\/leschiffonniersmorlaix.fr\/wp-content\/uploads\/2022\/08\/Pch-139-300x225.jpg 300w, https:\/\/leschiffonniersmorlaix.fr\/wp-content\/uploads\/2022\/08\/Pch-139-768x576.jpg 768w\" sizes=\"auto, (max-width: 800px) 85vw, 800px\" \/><\/figure>\n<\/div>\n<\/div>\n<\/div>\n<\/div>\n\n\n\n<hr class=\"wp-block-separator has-alpha-channel-opacity\"\/>\n","protected":false},"excerpt":{"rendered":"<p>Dans le cadre de notre prestation de collecte, nous proposons un service de d\u00e9barras\u00a0: lors des vides maison, l\u2019\u00e9quipe \u00e9value le potentiel de r\u00e9emploi. Si toute la mati\u00e8re r\u00e9cup\u00e9r\u00e9e ne peut \u00eatre vendue, un devis est effectu\u00e9 en amont et la prestation est factur\u00e9e. Contact : LauraT\u00e9l\u00e9phone 06.38.04.89.45 \/ 02.98.62.18.60Mail contact.collecte@gmail.com Les Chiffonniers vous d\u00e9barrassent &hellip; <a href=\"https:\/\/leschiffonniersmorlaix.fr\/?page_id=1957\" class=\"more-link\">Continuer la lecture<span class=\"screen-reader-text\"> de &laquo;&nbsp;Nos prestations de collectes-d\u00e9barras&nbsp;&raquo;<\/span><\/a><\/p>\n","protected":false},"author":1,"featured_media":0,"parent":0,"menu_order":0,"comment_status":"closed","ping_status":"closed","template":"","meta":{"footnotes":""},"class_list":["post-1957","page","type-page","status-publish","hentry"],"jetpack_sharing_enabled":true,"_links":{"self":[{"href":"https:\/\/leschiffonniersmorlaix.fr\/index.php?rest_route=\/wp\/v2\/pages\/1957","targetHints":{"allow":["GET"]}}],"collection":[{"href":"https:\/\/leschiffonniersmorlaix.fr\/index.php?rest_route=\/wp\/v2\/pages"}],"about":[{"href":"https:\/\/leschiffonniersmorlaix.fr\/index.php?rest_route=\/wp\/v2\/types\/page"}],"author":[{"embeddable":true,"href":"https:\/\/leschiffonniersmorlaix.fr\/index.php?rest_route=\/wp\/v2\/users\/1"}],"replies":[{"embeddable":true,"href":"https:\/\/leschiffonniersmorlaix.fr\/index.php?rest_route=%2Fwp%2Fv2%2Fcomments&post=1957"}],"version-history":[{"count":14,"href":"https:\/\/leschiffonniersmorlaix.fr\/index.php?rest_route=\/wp\/v2\/pages\/1957\/revisions"}],"predecessor-version":[{"id":2559,"href":"https:\/\/leschiffonniersmorlaix.fr\/index.php?rest_route=\/wp\/v2\/pages\/1957\/revisions\/2559"}],"wp:attachment":[{"href":"https:\/\/leschiffonniersmorlaix.fr\/index.php?rest_route=%2Fwp%2Fv2%2Fmedia&parent=1957"}],"curies":[{"name":"wp","href":"https:\/\/api.w.org\/{rel}","templated":true}]}}