{"id":1314,"date":"2020-02-27T14:16:00","date_gmt":"2020-02-27T13:16:00","guid":{"rendered":"http:\/\/leschiffonniersmorlaix.fr\/?page_id=1314"},"modified":"2025-04-08T16:41:56","modified_gmt":"2025-04-08T14:41:56","slug":"les-grandes-ventes","status":"publish","type":"page","link":"https:\/\/leschiffonniersmorlaix.fr\/?page_id=1314","title":{"rendered":"Les Grandes Ventes et les ventes sp\u00e9ciales"},"content":{"rendered":"\n<p class=\"has-text-align-justify\">Tout au long de l\u2019ann\u00e9e, les b\u00e9n\u00e9voles, salari\u00e9s et compagnons s\u2019affairent \u00e0 s\u00e9lectionner et mettre de c\u00f4t\u00e9, bien rang\u00e9s dans nos greniers ou dans les containers, les meubles, v\u00eatements, livres, objets qui leur ont tap\u00e9 dans l\u2019\u0153il pour vous les proposer \u00e0 ces occasions : des pi\u00e8ces rares, des insolites, du flambant neuf ou du qui date de Mathusalem, nos cr\u00e9ations originales\u2026<\/p>\n\n\n\n<p class=\"has-text-align-center has-medium-font-size\"><em><strong>Les grandes ventes  ont lieu deux fois par an, <\/strong><br><strong>en Juillet et en D\u00e9cembre<\/strong>.<\/em><br><br><em><strong>Les ventes sp\u00e9ciales (Printemps, Mardi-gras, Plein air, Halloween, Saint-Valentin, Blanc,&#8230;) ont lieu une fois par mois<\/strong><\/em><\/p>\n\n\n\n<p class=\"has-text-align-justify\"><\/p>\n\n\n\n<figure class=\"wp-block-gallery has-nested-images columns-default is-cropped wp-block-gallery-1 is-layout-flex wp-block-gallery-is-layout-flex\">\n<figure class=\"wp-block-image size-large\"><img loading=\"lazy\" decoding=\"async\" width=\"388\" height=\"550\" data-id=\"814\" src=\"http:\/\/leschiffonniersmorlaix.fr\/wp-content\/uploads\/2019\/12\/affiche-grde-vente-avril-2016.jpg\" alt=\"\" class=\"wp-image-814\" srcset=\"https:\/\/leschiffonniersmorlaix.fr\/wp-content\/uploads\/2019\/12\/affiche-grde-vente-avril-2016.jpg 388w, https:\/\/leschiffonniersmorlaix.fr\/wp-content\/uploads\/2019\/12\/affiche-grde-vente-avril-2016-212x300.jpg 212w\" sizes=\"auto, (max-width: 388px) 85vw, 388px\" \/><figcaption class=\"wp-element-caption\">Grande Vente Avril 2016<\/figcaption><\/figure>\n\n\n\n<figure class=\"wp-block-image size-large\"><img loading=\"lazy\" decoding=\"async\" width=\"469\" height=\"665\" data-id=\"813\" src=\"http:\/\/leschiffonniersmorlaix.fr\/wp-content\/uploads\/2019\/12\/affiche-grde-vente-aout-2019.jpg\" alt=\"\" class=\"wp-image-813\" srcset=\"https:\/\/leschiffonniersmorlaix.fr\/wp-content\/uploads\/2019\/12\/affiche-grde-vente-aout-2019.jpg 469w, https:\/\/leschiffonniersmorlaix.fr\/wp-content\/uploads\/2019\/12\/affiche-grde-vente-aout-2019-400x567.jpg 400w, https:\/\/leschiffonniersmorlaix.fr\/wp-content\/uploads\/2019\/12\/affiche-grde-vente-aout-2019-212x300.jpg 212w\" sizes=\"auto, (max-width: 469px) 85vw, 469px\" \/><figcaption class=\"wp-element-caption\">Grande Vente Aout 2019<\/figcaption><\/figure>\n\n\n\n<figure class=\"wp-block-image size-large\"><img loading=\"lazy\" decoding=\"async\" width=\"388\" height=\"550\" data-id=\"812\" src=\"http:\/\/leschiffonniersmorlaix.fr\/wp-content\/uploads\/2019\/12\/affiche-grande-vente-chiffonniers-de-la-joie.jpg\" alt=\"\" class=\"wp-image-812\" srcset=\"https:\/\/leschiffonniersmorlaix.fr\/wp-content\/uploads\/2019\/12\/affiche-grande-vente-chiffonniers-de-la-joie.jpg 388w, https:\/\/leschiffonniersmorlaix.fr\/wp-content\/uploads\/2019\/12\/affiche-grande-vente-chiffonniers-de-la-joie-212x300.jpg 212w\" sizes=\"auto, (max-width: 388px) 85vw, 388px\" \/><figcaption class=\"wp-element-caption\">2016<\/figcaption><\/figure>\n\n\n\n<figure class=\"wp-block-image size-large\"><img loading=\"lazy\" decoding=\"async\" width=\"459\" height=\"649\" data-id=\"811\" src=\"http:\/\/leschiffonniersmorlaix.fr\/wp-content\/uploads\/2019\/12\/15c-affiche-grande-vente-noel-format-a4-proposition-nathalie-bennasar-dec18-ori.jpg\" alt=\"\" class=\"wp-image-811\" srcset=\"https:\/\/leschiffonniersmorlaix.fr\/wp-content\/uploads\/2019\/12\/15c-affiche-grande-vente-noel-format-a4-proposition-nathalie-bennasar-dec18-ori.jpg 459w, https:\/\/leschiffonniersmorlaix.fr\/wp-content\/uploads\/2019\/12\/15c-affiche-grande-vente-noel-format-a4-proposition-nathalie-bennasar-dec18-ori-400x566.jpg 400w, https:\/\/leschiffonniersmorlaix.fr\/wp-content\/uploads\/2019\/12\/15c-affiche-grande-vente-noel-format-a4-proposition-nathalie-bennasar-dec18-ori-212x300.jpg 212w\" sizes=\"auto, (max-width: 459px) 85vw, 459px\" \/><figcaption class=\"wp-element-caption\">GV D\u00e9cembre 2018<\/figcaption><\/figure>\n\n\n\n<figure class=\"wp-block-image size-large\"><img loading=\"lazy\" decoding=\"async\" width=\"319\" height=\"451\" data-id=\"810\" src=\"http:\/\/leschiffonniersmorlaix.fr\/wp-content\/uploads\/2019\/12\/04c-grde-vente-aout-2016-redim.jpg\" alt=\"\" class=\"wp-image-810\" srcset=\"https:\/\/leschiffonniersmorlaix.fr\/wp-content\/uploads\/2019\/12\/04c-grde-vente-aout-2016-redim.jpg 319w, https:\/\/leschiffonniersmorlaix.fr\/wp-content\/uploads\/2019\/12\/04c-grde-vente-aout-2016-redim-212x300.jpg 212w\" sizes=\"auto, (max-width: 319px) 85vw, 319px\" \/><figcaption class=\"wp-element-caption\">GV Ao\u00fbt 2016<\/figcaption><\/figure>\n\n\n\n<figure class=\"wp-block-image size-large\"><img loading=\"lazy\" decoding=\"async\" width=\"449\" height=\"637\" data-id=\"809\" src=\"http:\/\/leschiffonniersmorlaix.fr\/wp-content\/uploads\/2019\/12\/03d-affiche-grde-vente-avril-2019-contrib-exterieure-nathalie-bennasar-ajust-modif.jpg\" alt=\"\" class=\"wp-image-809\" srcset=\"https:\/\/leschiffonniersmorlaix.fr\/wp-content\/uploads\/2019\/12\/03d-affiche-grde-vente-avril-2019-contrib-exterieure-nathalie-bennasar-ajust-modif.jpg 449w, https:\/\/leschiffonniersmorlaix.fr\/wp-content\/uploads\/2019\/12\/03d-affiche-grde-vente-avril-2019-contrib-exterieure-nathalie-bennasar-ajust-modif-400x567.jpg 400w, https:\/\/leschiffonniersmorlaix.fr\/wp-content\/uploads\/2019\/12\/03d-affiche-grde-vente-avril-2019-contrib-exterieure-nathalie-bennasar-ajust-modif-211x300.jpg 211w\" sizes=\"auto, (max-width: 449px) 85vw, 449px\" \/><figcaption class=\"wp-element-caption\">GV Avril 2018<\/figcaption><\/figure>\n\n\n\n<figure class=\"wp-block-image size-large\"><img loading=\"lazy\" decoding=\"async\" width=\"473\" height=\"670\" data-id=\"808\" src=\"http:\/\/leschiffonniersmorlaix.fr\/wp-content\/uploads\/2019\/12\/02b-affiche-grde-vente-noel2017-redim.jpg\" alt=\"\" class=\"wp-image-808\" srcset=\"https:\/\/leschiffonniersmorlaix.fr\/wp-content\/uploads\/2019\/12\/02b-affiche-grde-vente-noel2017-redim.jpg 473w, https:\/\/leschiffonniersmorlaix.fr\/wp-content\/uploads\/2019\/12\/02b-affiche-grde-vente-noel2017-redim-400x567.jpg 400w, https:\/\/leschiffonniersmorlaix.fr\/wp-content\/uploads\/2019\/12\/02b-affiche-grde-vente-noel2017-redim-212x300.jpg 212w\" sizes=\"auto, (max-width: 473px) 85vw, 473px\" \/><figcaption class=\"wp-element-caption\">GV nO\u00cbL 2017<\/figcaption><\/figure>\n\n\n\n<figure class=\"wp-block-image size-large\"><img loading=\"lazy\" decoding=\"async\" width=\"339\" height=\"480\" data-id=\"807\" src=\"http:\/\/leschiffonniersmorlaix.fr\/wp-content\/uploads\/2019\/12\/01f-affiche-creation-01-grde-vente-avril-2017-redim.jpg\" alt=\"\" class=\"wp-image-807\" srcset=\"https:\/\/leschiffonniersmorlaix.fr\/wp-content\/uploads\/2019\/12\/01f-affiche-creation-01-grde-vente-avril-2017-redim.jpg 339w, https:\/\/leschiffonniersmorlaix.fr\/wp-content\/uploads\/2019\/12\/01f-affiche-creation-01-grde-vente-avril-2017-redim-212x300.jpg 212w\" sizes=\"auto, (max-width: 339px) 85vw, 339px\" \/><figcaption class=\"wp-element-caption\">GV Avril 2017<\/figcaption><\/figure>\n\n\n\n<figure class=\"wp-block-image size-large\"><img loading=\"lazy\" decoding=\"async\" width=\"474\" height=\"671\" data-id=\"806\" src=\"http:\/\/leschiffonniersmorlaix.fr\/wp-content\/uploads\/2019\/12\/01c-affiche-grde-vente-aout-2017-redim.jpg\" alt=\"\" class=\"wp-image-806\" srcset=\"https:\/\/leschiffonniersmorlaix.fr\/wp-content\/uploads\/2019\/12\/01c-affiche-grde-vente-aout-2017-redim.jpg 474w, https:\/\/leschiffonniersmorlaix.fr\/wp-content\/uploads\/2019\/12\/01c-affiche-grde-vente-aout-2017-redim-400x566.jpg 400w, https:\/\/leschiffonniersmorlaix.fr\/wp-content\/uploads\/2019\/12\/01c-affiche-grde-vente-aout-2017-redim-212x300.jpg 212w\" sizes=\"auto, (max-width: 474px) 85vw, 474px\" \/><figcaption class=\"wp-element-caption\">GV Ao\u00fbt 2017<\/figcaption><\/figure>\n\n\n\n<figure class=\"wp-block-image size-large\"><img loading=\"lazy\" decoding=\"async\" width=\"473\" height=\"668\" data-id=\"805\" src=\"http:\/\/leschiffonniersmorlaix.fr\/wp-content\/uploads\/2019\/12\/01a-affiche-grande-vente-avril18-helene-sadoul-jpeg-ori.jpg\" alt=\"\" class=\"wp-image-805\" srcset=\"https:\/\/leschiffonniersmorlaix.fr\/wp-content\/uploads\/2019\/12\/01a-affiche-grande-vente-avril18-helene-sadoul-jpeg-ori.jpg 473w, https:\/\/leschiffonniersmorlaix.fr\/wp-content\/uploads\/2019\/12\/01a-affiche-grande-vente-avril18-helene-sadoul-jpeg-ori-400x565.jpg 400w, https:\/\/leschiffonniersmorlaix.fr\/wp-content\/uploads\/2019\/12\/01a-affiche-grande-vente-avril18-helene-sadoul-jpeg-ori-212x300.jpg 212w\" sizes=\"auto, (max-width: 473px) 85vw, 473px\" \/><figcaption class=\"wp-element-caption\">GV Avril 2018<\/figcaption><\/figure>\n\n\n\n<figure class=\"wp-block-image size-large\"><img loading=\"lazy\" decoding=\"async\" width=\"423\" height=\"598\" data-id=\"804\" src=\"http:\/\/leschiffonniersmorlaix.fr\/wp-content\/uploads\/2019\/12\/00d-affiche-grande-vente-noel-10-et-11-decembre-2016-jpeg-redim-1.jpg\" alt=\"\" class=\"wp-image-804\" srcset=\"https:\/\/leschiffonniersmorlaix.fr\/wp-content\/uploads\/2019\/12\/00d-affiche-grande-vente-noel-10-et-11-decembre-2016-jpeg-redim-1.jpg 423w, https:\/\/leschiffonniersmorlaix.fr\/wp-content\/uploads\/2019\/12\/00d-affiche-grande-vente-noel-10-et-11-decembre-2016-jpeg-redim-1-400x565.jpg 400w, https:\/\/leschiffonniersmorlaix.fr\/wp-content\/uploads\/2019\/12\/00d-affiche-grande-vente-noel-10-et-11-decembre-2016-jpeg-redim-1-212x300.jpg 212w\" sizes=\"auto, (max-width: 423px) 85vw, 423px\" \/><figcaption class=\"wp-element-caption\">Grande Vente No\u00ebl 2016<\/figcaption><\/figure>\n\n\n\n<figure class=\"wp-block-image size-large\"><img loading=\"lazy\" decoding=\"async\" width=\"388\" height=\"548\" data-id=\"410\" src=\"http:\/\/leschiffonniersmorlaix.fr\/wp-content\/uploads\/2019\/10\/19d-affiche-creation-francois-soutif-grande-vente-aout-2019-redim.jpg\" alt=\"\" class=\"wp-image-410\" srcset=\"https:\/\/leschiffonniersmorlaix.fr\/wp-content\/uploads\/2019\/10\/19d-affiche-creation-francois-soutif-grande-vente-aout-2019-redim.jpg 388w, https:\/\/leschiffonniersmorlaix.fr\/wp-content\/uploads\/2019\/10\/19d-affiche-creation-francois-soutif-grande-vente-aout-2019-redim-212x300.jpg 212w\" sizes=\"auto, (max-width: 388px) 85vw, 388px\" \/><figcaption class=\"wp-element-caption\">Aout 2019<\/figcaption><\/figure>\n\n\n\n<figure class=\"wp-block-image size-large\"><img loading=\"lazy\" decoding=\"async\" width=\"600\" height=\"849\" data-id=\"475\" src=\"http:\/\/leschiffonniersmorlaix.fr\/wp-content\/uploads\/2019\/11\/grande-vente-noel-chiffonniers-2019.jpg\" alt=\"\" class=\"wp-image-475\" srcset=\"https:\/\/leschiffonniersmorlaix.fr\/wp-content\/uploads\/2019\/11\/grande-vente-noel-chiffonniers-2019.jpg 600w, https:\/\/leschiffonniersmorlaix.fr\/wp-content\/uploads\/2019\/11\/grande-vente-noel-chiffonniers-2019-400x566.jpg 400w, https:\/\/leschiffonniersmorlaix.fr\/wp-content\/uploads\/2019\/11\/grande-vente-noel-chiffonniers-2019-212x300.jpg 212w\" sizes=\"auto, (max-width: 600px) 85vw, 600px\" \/><figcaption class=\"wp-element-caption\">D\u00e9cembre 2019<\/figcaption><\/figure>\n\n\n\n<figure class=\"wp-block-image size-large\"><img loading=\"lazy\" decoding=\"async\" width=\"600\" height=\"849\" data-id=\"1923\" src=\"https:\/\/leschiffonniersmorlaix.fr\/wp-content\/uploads\/2022\/08\/Pch-191.jpg\" alt=\"\" class=\"wp-image-1923\" srcset=\"https:\/\/leschiffonniersmorlaix.fr\/wp-content\/uploads\/2022\/08\/Pch-191.jpg 600w, https:\/\/leschiffonniersmorlaix.fr\/wp-content\/uploads\/2022\/08\/Pch-191-212x300.jpg 212w\" sizes=\"auto, (max-width: 600px) 85vw, 600px\" \/><figcaption class=\"wp-element-caption\">Ao\u00fbt 2022<\/figcaption><\/figure>\n<\/figure>\n","protected":false},"excerpt":{"rendered":"<p>Tout au long de l\u2019ann\u00e9e, les b\u00e9n\u00e9voles, salari\u00e9s et compagnons s\u2019affairent \u00e0 s\u00e9lectionner et mettre de c\u00f4t\u00e9, bien rang\u00e9s dans nos greniers ou dans les containers, les meubles, v\u00eatements, livres, objets qui leur ont tap\u00e9 dans l\u2019\u0153il pour vous les proposer \u00e0 ces occasions : des pi\u00e8ces rares, des insolites, du flambant neuf ou du &hellip; <a href=\"https:\/\/leschiffonniersmorlaix.fr\/?page_id=1314\" class=\"more-link\">Continuer la lecture<span class=\"screen-reader-text\"> de &laquo;&nbsp;Les Grandes Ventes et les ventes sp\u00e9ciales&nbsp;&raquo;<\/span><\/a><\/p>\n","protected":false},"author":2,"featured_media":0,"parent":0,"menu_order":0,"comment_status":"closed","ping_status":"closed","template":"","meta":{"footnotes":""},"class_list":["post-1314","page","type-page","status-publish","hentry"],"jetpack_sharing_enabled":true,"_links":{"self":[{"href":"https:\/\/leschiffonniersmorlaix.fr\/index.php?rest_route=\/wp\/v2\/pages\/1314","targetHints":{"allow":["GET"]}}],"collection":[{"href":"https:\/\/leschiffonniersmorlaix.fr\/index.php?rest_route=\/wp\/v2\/pages"}],"about":[{"href":"https:\/\/leschiffonniersmorlaix.fr\/index.php?rest_route=\/wp\/v2\/types\/page"}],"author":[{"embeddable":true,"href":"https:\/\/leschiffonniersmorlaix.fr\/index.php?rest_route=\/wp\/v2\/users\/2"}],"replies":[{"embeddable":true,"href":"https:\/\/leschiffonniersmorlaix.fr\/index.php?rest_route=%2Fwp%2Fv2%2Fcomments&post=1314"}],"version-history":[{"count":7,"href":"https:\/\/leschiffonniersmorlaix.fr\/index.php?rest_route=\/wp\/v2\/pages\/1314\/revisions"}],"predecessor-version":[{"id":2468,"href":"https:\/\/leschiffonniersmorlaix.fr\/index.php?rest_route=\/wp\/v2\/pages\/1314\/revisions\/2468"}],"wp:attachment":[{"href":"https:\/\/leschiffonniersmorlaix.fr\/index.php?rest_route=%2Fwp%2Fv2%2Fmedia&parent=1314"}],"curies":[{"name":"wp","href":"https:\/\/api.w.org\/{rel}","templated":true}]}}