{"id":1282,"date":"2020-02-26T16:57:29","date_gmt":"2020-02-26T15:57:29","guid":{"rendered":"http:\/\/leschiffonniersmorlaix.fr\/?page_id=1282"},"modified":"2020-03-05T15:40:53","modified_gmt":"2020-03-05T14:40:53","slug":"les-creations-et-createurs","status":"publish","type":"page","link":"https:\/\/leschiffonniersmorlaix.fr\/?page_id=1282","title":{"rendered":"Les Cr\u00e9ations et Cr\u00e9ateurs"},"content":{"rendered":"\n<div class=\"wp-block-image\"><figure class=\"aligncenter size-large\"><img loading=\"lazy\" decoding=\"async\" width=\"724\" height=\"1024\" src=\"https:\/\/leschiffonniersmorlaix.fr\/wp-content\/uploads\/2020\/03\/breve-de-chiff-espace-createur-chiffonniers-724x1024.jpg\" alt=\"\" class=\"wp-image-1409\" srcset=\"https:\/\/leschiffonniersmorlaix.fr\/wp-content\/uploads\/2020\/03\/breve-de-chiff-espace-createur-chiffonniers-724x1024.jpg 724w, https:\/\/leschiffonniersmorlaix.fr\/wp-content\/uploads\/2020\/03\/breve-de-chiff-espace-createur-chiffonniers-400x566.jpg 400w, https:\/\/leschiffonniersmorlaix.fr\/wp-content\/uploads\/2020\/03\/breve-de-chiff-espace-createur-chiffonniers-212x300.jpg 212w, https:\/\/leschiffonniersmorlaix.fr\/wp-content\/uploads\/2020\/03\/breve-de-chiff-espace-createur-chiffonniers-768x1086.jpg 768w, https:\/\/leschiffonniersmorlaix.fr\/wp-content\/uploads\/2020\/03\/breve-de-chiff-espace-createur-chiffonniers-1086x1536.jpg 1086w, https:\/\/leschiffonniersmorlaix.fr\/wp-content\/uploads\/2020\/03\/breve-de-chiff-espace-createur-chiffonniers-1200x1697.jpg 1200w, https:\/\/leschiffonniersmorlaix.fr\/wp-content\/uploads\/2020\/03\/breve-de-chiff-espace-createur-chiffonniers.jpg 1240w\" sizes=\"auto, (max-width: 724px) 85vw, 724px\" \/><\/figure><\/div>\n\n\n\n<div class=\"wp-block-jetpack-slideshow aligncenter\" data-effect=\"slide\"><div class=\"wp-block-jetpack-slideshow_container swiper-container\"><ul class=\"wp-block-jetpack-slideshow_swiper-wrapper swiper-wrapper\"><li class=\"wp-block-jetpack-slideshow_slide swiper-slide\"><figure><img loading=\"lazy\" decoding=\"async\" width=\"800\" height=\"600\" alt=\"\" class=\"wp-block-jetpack-slideshow_image wp-image-1229\" data-id=\"1229\" src=\"http:\/\/leschiffonniersmorlaix.fr\/wp-content\/uploads\/2019\/12\/p1220764-1.jpg\" srcset=\"https:\/\/leschiffonniersmorlaix.fr\/wp-content\/uploads\/2019\/12\/p1220764-1.jpg 800w, https:\/\/leschiffonniersmorlaix.fr\/wp-content\/uploads\/2019\/12\/p1220764-1-400x300.jpg 400w, https:\/\/leschiffonniersmorlaix.fr\/wp-content\/uploads\/2019\/12\/p1220764-1-300x225.jpg 300w, https:\/\/leschiffonniersmorlaix.fr\/wp-content\/uploads\/2019\/12\/p1220764-1-768x576.jpg 768w\" sizes=\"(max-width: 800px) 85vw, 800px\" \/><\/figure><\/li><li class=\"wp-block-jetpack-slideshow_slide swiper-slide\"><figure><img loading=\"lazy\" decoding=\"async\" width=\"600\" height=\"800\" alt=\"\" class=\"wp-block-jetpack-slideshow_image wp-image-932\" data-id=\"932\" src=\"http:\/\/leschiffonniersmorlaix.fr\/wp-content\/uploads\/2019\/12\/p1220762.jpg\" srcset=\"https:\/\/leschiffonniersmorlaix.fr\/wp-content\/uploads\/2019\/12\/p1220762.jpg 600w, https:\/\/leschiffonniersmorlaix.fr\/wp-content\/uploads\/2019\/12\/p1220762-400x533.jpg 400w, https:\/\/leschiffonniersmorlaix.fr\/wp-content\/uploads\/2019\/12\/p1220762-225x300.jpg 225w\" sizes=\"(max-width: 600px) 85vw, 600px\" \/><\/figure><\/li><li class=\"wp-block-jetpack-slideshow_slide swiper-slide\"><figure><img loading=\"lazy\" decoding=\"async\" width=\"600\" height=\"800\" alt=\"\" class=\"wp-block-jetpack-slideshow_image wp-image-1227\" data-id=\"1227\" src=\"http:\/\/leschiffonniersmorlaix.fr\/wp-content\/uploads\/2019\/12\/p1220761-1.jpg\" srcset=\"https:\/\/leschiffonniersmorlaix.fr\/wp-content\/uploads\/2019\/12\/p1220761-1.jpg 600w, https:\/\/leschiffonniersmorlaix.fr\/wp-content\/uploads\/2019\/12\/p1220761-1-400x533.jpg 400w, https:\/\/leschiffonniersmorlaix.fr\/wp-content\/uploads\/2019\/12\/p1220761-1-225x300.jpg 225w\" sizes=\"(max-width: 600px) 85vw, 600px\" \/><\/figure><\/li><li class=\"wp-block-jetpack-slideshow_slide swiper-slide\"><figure><img loading=\"lazy\" decoding=\"async\" width=\"600\" height=\"800\" alt=\"\" class=\"wp-block-jetpack-slideshow_image wp-image-1226\" data-id=\"1226\" src=\"http:\/\/leschiffonniersmorlaix.fr\/wp-content\/uploads\/2019\/12\/p1220759-1.jpg\" srcset=\"https:\/\/leschiffonniersmorlaix.fr\/wp-content\/uploads\/2019\/12\/p1220759-1.jpg 600w, https:\/\/leschiffonniersmorlaix.fr\/wp-content\/uploads\/2019\/12\/p1220759-1-400x533.jpg 400w, https:\/\/leschiffonniersmorlaix.fr\/wp-content\/uploads\/2019\/12\/p1220759-1-225x300.jpg 225w\" sizes=\"(max-width: 600px) 85vw, 600px\" \/><\/figure><\/li><li class=\"wp-block-jetpack-slideshow_slide swiper-slide\"><figure><img loading=\"lazy\" decoding=\"async\" width=\"600\" height=\"800\" alt=\"\" class=\"wp-block-jetpack-slideshow_image wp-image-929\" data-id=\"929\" src=\"http:\/\/leschiffonniersmorlaix.fr\/wp-content\/uploads\/2019\/12\/p1220756.jpg\" srcset=\"https:\/\/leschiffonniersmorlaix.fr\/wp-content\/uploads\/2019\/12\/p1220756.jpg 600w, https:\/\/leschiffonniersmorlaix.fr\/wp-content\/uploads\/2019\/12\/p1220756-400x533.jpg 400w, https:\/\/leschiffonniersmorlaix.fr\/wp-content\/uploads\/2019\/12\/p1220756-225x300.jpg 225w\" sizes=\"(max-width: 600px) 85vw, 600px\" \/><\/figure><\/li><li class=\"wp-block-jetpack-slideshow_slide swiper-slide\"><figure><img loading=\"lazy\" decoding=\"async\" width=\"800\" height=\"600\" alt=\"\" class=\"wp-block-jetpack-slideshow_image wp-image-1224\" data-id=\"1224\" src=\"http:\/\/leschiffonniersmorlaix.fr\/wp-content\/uploads\/2019\/12\/p1220753-1.jpg\" srcset=\"https:\/\/leschiffonniersmorlaix.fr\/wp-content\/uploads\/2019\/12\/p1220753-1.jpg 800w, https:\/\/leschiffonniersmorlaix.fr\/wp-content\/uploads\/2019\/12\/p1220753-1-400x300.jpg 400w, https:\/\/leschiffonniersmorlaix.fr\/wp-content\/uploads\/2019\/12\/p1220753-1-300x225.jpg 300w, https:\/\/leschiffonniersmorlaix.fr\/wp-content\/uploads\/2019\/12\/p1220753-1-768x576.jpg 768w\" sizes=\"(max-width: 800px) 85vw, 800px\" \/><\/figure><\/li><li class=\"wp-block-jetpack-slideshow_slide swiper-slide\"><figure><img loading=\"lazy\" decoding=\"async\" width=\"800\" height=\"600\" alt=\"\" class=\"wp-block-jetpack-slideshow_image wp-image-927\" data-id=\"927\" src=\"http:\/\/leschiffonniersmorlaix.fr\/wp-content\/uploads\/2019\/12\/p1220751.jpg\" srcset=\"https:\/\/leschiffonniersmorlaix.fr\/wp-content\/uploads\/2019\/12\/p1220751.jpg 800w, https:\/\/leschiffonniersmorlaix.fr\/wp-content\/uploads\/2019\/12\/p1220751-400x300.jpg 400w, https:\/\/leschiffonniersmorlaix.fr\/wp-content\/uploads\/2019\/12\/p1220751-300x225.jpg 300w, https:\/\/leschiffonniersmorlaix.fr\/wp-content\/uploads\/2019\/12\/p1220751-768x576.jpg 768w\" sizes=\"(max-width: 800px) 85vw, 800px\" \/><\/figure><\/li><li class=\"wp-block-jetpack-slideshow_slide swiper-slide\"><figure><img loading=\"lazy\" decoding=\"async\" width=\"800\" height=\"600\" alt=\"\" class=\"wp-block-jetpack-slideshow_image wp-image-926\" data-id=\"926\" src=\"http:\/\/leschiffonniersmorlaix.fr\/wp-content\/uploads\/2019\/12\/p1220747.jpg\" srcset=\"https:\/\/leschiffonniersmorlaix.fr\/wp-content\/uploads\/2019\/12\/p1220747.jpg 800w, https:\/\/leschiffonniersmorlaix.fr\/wp-content\/uploads\/2019\/12\/p1220747-400x300.jpg 400w, https:\/\/leschiffonniersmorlaix.fr\/wp-content\/uploads\/2019\/12\/p1220747-300x225.jpg 300w, https:\/\/leschiffonniersmorlaix.fr\/wp-content\/uploads\/2019\/12\/p1220747-768x576.jpg 768w\" sizes=\"(max-width: 800px) 85vw, 800px\" \/><\/figure><\/li><li class=\"wp-block-jetpack-slideshow_slide swiper-slide\"><figure><img loading=\"lazy\" decoding=\"async\" width=\"800\" height=\"600\" alt=\"\" class=\"wp-block-jetpack-slideshow_image wp-image-925\" data-id=\"925\" src=\"http:\/\/leschiffonniersmorlaix.fr\/wp-content\/uploads\/2019\/12\/p1220768.jpg\" srcset=\"https:\/\/leschiffonniersmorlaix.fr\/wp-content\/uploads\/2019\/12\/p1220768.jpg 800w, https:\/\/leschiffonniersmorlaix.fr\/wp-content\/uploads\/2019\/12\/p1220768-400x300.jpg 400w, https:\/\/leschiffonniersmorlaix.fr\/wp-content\/uploads\/2019\/12\/p1220768-300x225.jpg 300w, https:\/\/leschiffonniersmorlaix.fr\/wp-content\/uploads\/2019\/12\/p1220768-768x576.jpg 768w\" sizes=\"(max-width: 800px) 85vw, 800px\" \/><\/figure><\/li><li class=\"wp-block-jetpack-slideshow_slide swiper-slide\"><figure><img loading=\"lazy\" decoding=\"async\" width=\"600\" height=\"800\" alt=\"\" class=\"wp-block-jetpack-slideshow_image wp-image-1220\" data-id=\"1220\" src=\"http:\/\/leschiffonniersmorlaix.fr\/wp-content\/uploads\/2019\/12\/meuble-chiff-9-1.jpg\" srcset=\"https:\/\/leschiffonniersmorlaix.fr\/wp-content\/uploads\/2019\/12\/meuble-chiff-9-1.jpg 600w, https:\/\/leschiffonniersmorlaix.fr\/wp-content\/uploads\/2019\/12\/meuble-chiff-9-1-400x533.jpg 400w, https:\/\/leschiffonniersmorlaix.fr\/wp-content\/uploads\/2019\/12\/meuble-chiff-9-1-225x300.jpg 225w\" sizes=\"(max-width: 600px) 85vw, 600px\" \/><\/figure><\/li><li class=\"wp-block-jetpack-slideshow_slide swiper-slide\"><figure><img loading=\"lazy\" decoding=\"async\" width=\"800\" height=\"600\" alt=\"\" class=\"wp-block-jetpack-slideshow_image wp-image-1219\" data-id=\"1219\" src=\"http:\/\/leschiffonniersmorlaix.fr\/wp-content\/uploads\/2019\/12\/meuble-chiff-8-1.jpg\" srcset=\"https:\/\/leschiffonniersmorlaix.fr\/wp-content\/uploads\/2019\/12\/meuble-chiff-8-1.jpg 800w, https:\/\/leschiffonniersmorlaix.fr\/wp-content\/uploads\/2019\/12\/meuble-chiff-8-1-400x300.jpg 400w, https:\/\/leschiffonniersmorlaix.fr\/wp-content\/uploads\/2019\/12\/meuble-chiff-8-1-300x225.jpg 300w, https:\/\/leschiffonniersmorlaix.fr\/wp-content\/uploads\/2019\/12\/meuble-chiff-8-1-768x576.jpg 768w\" sizes=\"(max-width: 800px) 85vw, 800px\" \/><\/figure><\/li><li class=\"wp-block-jetpack-slideshow_slide swiper-slide\"><figure><img loading=\"lazy\" decoding=\"async\" width=\"800\" height=\"600\" alt=\"\" class=\"wp-block-jetpack-slideshow_image wp-image-1218\" data-id=\"1218\" src=\"http:\/\/leschiffonniersmorlaix.fr\/wp-content\/uploads\/2019\/12\/meuble-chiff-7-1.jpg\" srcset=\"https:\/\/leschiffonniersmorlaix.fr\/wp-content\/uploads\/2019\/12\/meuble-chiff-7-1.jpg 800w, https:\/\/leschiffonniersmorlaix.fr\/wp-content\/uploads\/2019\/12\/meuble-chiff-7-1-400x300.jpg 400w, https:\/\/leschiffonniersmorlaix.fr\/wp-content\/uploads\/2019\/12\/meuble-chiff-7-1-300x225.jpg 300w, https:\/\/leschiffonniersmorlaix.fr\/wp-content\/uploads\/2019\/12\/meuble-chiff-7-1-768x576.jpg 768w\" sizes=\"(max-width: 800px) 85vw, 800px\" \/><\/figure><\/li><li class=\"wp-block-jetpack-slideshow_slide swiper-slide\"><figure><img loading=\"lazy\" decoding=\"async\" width=\"800\" height=\"600\" alt=\"\" class=\"wp-block-jetpack-slideshow_image wp-image-914\" data-id=\"914\" src=\"http:\/\/leschiffonniersmorlaix.fr\/wp-content\/uploads\/2019\/12\/meuble-chiff-6.jpg\" srcset=\"https:\/\/leschiffonniersmorlaix.fr\/wp-content\/uploads\/2019\/12\/meuble-chiff-6.jpg 800w, https:\/\/leschiffonniersmorlaix.fr\/wp-content\/uploads\/2019\/12\/meuble-chiff-6-400x300.jpg 400w, https:\/\/leschiffonniersmorlaix.fr\/wp-content\/uploads\/2019\/12\/meuble-chiff-6-300x225.jpg 300w, https:\/\/leschiffonniersmorlaix.fr\/wp-content\/uploads\/2019\/12\/meuble-chiff-6-768x576.jpg 768w\" sizes=\"(max-width: 800px) 85vw, 800px\" \/><\/figure><\/li><li class=\"wp-block-jetpack-slideshow_slide swiper-slide\"><figure><img loading=\"lazy\" decoding=\"async\" width=\"800\" height=\"600\" alt=\"\" class=\"wp-block-jetpack-slideshow_image wp-image-913\" data-id=\"913\" src=\"http:\/\/leschiffonniersmorlaix.fr\/wp-content\/uploads\/2019\/12\/meuble-chiff-5.jpg\" srcset=\"https:\/\/leschiffonniersmorlaix.fr\/wp-content\/uploads\/2019\/12\/meuble-chiff-5.jpg 800w, https:\/\/leschiffonniersmorlaix.fr\/wp-content\/uploads\/2019\/12\/meuble-chiff-5-400x300.jpg 400w, https:\/\/leschiffonniersmorlaix.fr\/wp-content\/uploads\/2019\/12\/meuble-chiff-5-300x225.jpg 300w, https:\/\/leschiffonniersmorlaix.fr\/wp-content\/uploads\/2019\/12\/meuble-chiff-5-768x576.jpg 768w\" sizes=\"(max-width: 800px) 85vw, 800px\" \/><\/figure><\/li><li class=\"wp-block-jetpack-slideshow_slide swiper-slide\"><figure><img loading=\"lazy\" decoding=\"async\" width=\"600\" height=\"800\" alt=\"\" class=\"wp-block-jetpack-slideshow_image wp-image-912\" data-id=\"912\" src=\"http:\/\/leschiffonniersmorlaix.fr\/wp-content\/uploads\/2019\/12\/meuble-chiff-4.jpg\" srcset=\"https:\/\/leschiffonniersmorlaix.fr\/wp-content\/uploads\/2019\/12\/meuble-chiff-4.jpg 600w, https:\/\/leschiffonniersmorlaix.fr\/wp-content\/uploads\/2019\/12\/meuble-chiff-4-400x533.jpg 400w, https:\/\/leschiffonniersmorlaix.fr\/wp-content\/uploads\/2019\/12\/meuble-chiff-4-225x300.jpg 225w\" sizes=\"(max-width: 600px) 85vw, 600px\" \/><\/figure><\/li><li class=\"wp-block-jetpack-slideshow_slide swiper-slide\"><figure><img loading=\"lazy\" decoding=\"async\" width=\"800\" height=\"600\" alt=\"\" class=\"wp-block-jetpack-slideshow_image wp-image-911\" data-id=\"911\" src=\"http:\/\/leschiffonniersmorlaix.fr\/wp-content\/uploads\/2019\/12\/meuble-chiff-3.jpg\" srcset=\"https:\/\/leschiffonniersmorlaix.fr\/wp-content\/uploads\/2019\/12\/meuble-chiff-3.jpg 800w, https:\/\/leschiffonniersmorlaix.fr\/wp-content\/uploads\/2019\/12\/meuble-chiff-3-400x300.jpg 400w, https:\/\/leschiffonniersmorlaix.fr\/wp-content\/uploads\/2019\/12\/meuble-chiff-3-300x225.jpg 300w, https:\/\/leschiffonniersmorlaix.fr\/wp-content\/uploads\/2019\/12\/meuble-chiff-3-768x576.jpg 768w\" sizes=\"(max-width: 800px) 85vw, 800px\" \/><\/figure><\/li><li class=\"wp-block-jetpack-slideshow_slide swiper-slide\"><figure><img loading=\"lazy\" decoding=\"async\" width=\"600\" height=\"800\" alt=\"\" class=\"wp-block-jetpack-slideshow_image wp-image-910\" data-id=\"910\" src=\"http:\/\/leschiffonniersmorlaix.fr\/wp-content\/uploads\/2019\/12\/meuble-chiff-2.jpg\" srcset=\"https:\/\/leschiffonniersmorlaix.fr\/wp-content\/uploads\/2019\/12\/meuble-chiff-2.jpg 600w, https:\/\/leschiffonniersmorlaix.fr\/wp-content\/uploads\/2019\/12\/meuble-chiff-2-400x533.jpg 400w, https:\/\/leschiffonniersmorlaix.fr\/wp-content\/uploads\/2019\/12\/meuble-chiff-2-225x300.jpg 225w\" sizes=\"(max-width: 600px) 85vw, 600px\" \/><\/figure><\/li><li class=\"wp-block-jetpack-slideshow_slide swiper-slide\"><figure><img loading=\"lazy\" decoding=\"async\" width=\"800\" height=\"600\" alt=\"\" class=\"wp-block-jetpack-slideshow_image wp-image-909\" data-id=\"909\" src=\"http:\/\/leschiffonniersmorlaix.fr\/wp-content\/uploads\/2019\/12\/meuble-chiff-1.jpg\" srcset=\"https:\/\/leschiffonniersmorlaix.fr\/wp-content\/uploads\/2019\/12\/meuble-chiff-1.jpg 800w, https:\/\/leschiffonniersmorlaix.fr\/wp-content\/uploads\/2019\/12\/meuble-chiff-1-400x300.jpg 400w, https:\/\/leschiffonniersmorlaix.fr\/wp-content\/uploads\/2019\/12\/meuble-chiff-1-300x225.jpg 300w, https:\/\/leschiffonniersmorlaix.fr\/wp-content\/uploads\/2019\/12\/meuble-chiff-1-768x576.jpg 768w\" sizes=\"(max-width: 800px) 85vw, 800px\" \/><\/figure><\/li><li class=\"wp-block-jetpack-slideshow_slide swiper-slide\"><figure><img loading=\"lazy\" decoding=\"async\" width=\"800\" height=\"600\" alt=\"\" class=\"wp-block-jetpack-slideshow_image wp-image-908\" data-id=\"908\" src=\"http:\/\/leschiffonniersmorlaix.fr\/wp-content\/uploads\/2019\/12\/canape.jpg\" srcset=\"https:\/\/leschiffonniersmorlaix.fr\/wp-content\/uploads\/2019\/12\/canape.jpg 800w, https:\/\/leschiffonniersmorlaix.fr\/wp-content\/uploads\/2019\/12\/canape-400x300.jpg 400w, https:\/\/leschiffonniersmorlaix.fr\/wp-content\/uploads\/2019\/12\/canape-300x225.jpg 300w, https:\/\/leschiffonniersmorlaix.fr\/wp-content\/uploads\/2019\/12\/canape-768x576.jpg 768w\" sizes=\"(max-width: 800px) 85vw, 800px\" \/><\/figure><\/li><li class=\"wp-block-jetpack-slideshow_slide swiper-slide\"><figure><img loading=\"lazy\" decoding=\"async\" width=\"800\" height=\"566\" alt=\"\" class=\"wp-block-jetpack-slideshow_image wp-image-959\" data-id=\"959\" src=\"http:\/\/leschiffonniersmorlaix.fr\/wp-content\/uploads\/2020\/01\/contact-atelier-chiffonniers.jpg\" srcset=\"https:\/\/leschiffonniersmorlaix.fr\/wp-content\/uploads\/2020\/01\/contact-atelier-chiffonniers.jpg 800w, https:\/\/leschiffonniersmorlaix.fr\/wp-content\/uploads\/2020\/01\/contact-atelier-chiffonniers-400x283.jpg 400w, https:\/\/leschiffonniersmorlaix.fr\/wp-content\/uploads\/2020\/01\/contact-atelier-chiffonniers-300x212.jpg 300w, https:\/\/leschiffonniersmorlaix.fr\/wp-content\/uploads\/2020\/01\/contact-atelier-chiffonniers-768x543.jpg 768w\" sizes=\"(max-width: 800px) 85vw, 800px\" \/><\/figure><\/li><\/ul><a class=\"wp-block-jetpack-slideshow_button-prev swiper-button-prev swiper-button-white\" role=\"button\"><\/a><a class=\"wp-block-jetpack-slideshow_button-next swiper-button-next swiper-button-white\" role=\"button\"><\/a><a aria-label=\"Pause Slideshow\" class=\"wp-block-jetpack-slideshow_button-pause\" role=\"button\"><\/a><div class=\"wp-block-jetpack-slideshow_pagination swiper-pagination swiper-pagination-white\"><\/div><\/div><\/div>\n\n\n\n<hr class=\"wp-block-separator has-text-color has-background has-medium-gray-background-color has-medium-gray-color is-style-wide\"\/>\n\n\n\n<div class=\"wp-block-media-text alignwide is-stacked-on-mobile\" style=\"grid-template-columns:34% auto\"><figure class=\"wp-block-media-text__media\"><img loading=\"lazy\" decoding=\"async\" width=\"212\" height=\"300\" src=\"http:\/\/leschiffonniersmorlaix.fr\/wp-content\/uploads\/2019\/10\/marine-tapisserie-chiffonniers-atelier-212x300.jpg\" alt=\"\" class=\"wp-image-407\" srcset=\"https:\/\/leschiffonniersmorlaix.fr\/wp-content\/uploads\/2019\/10\/marine-tapisserie-chiffonniers-atelier-212x300.jpg 212w, https:\/\/leschiffonniersmorlaix.fr\/wp-content\/uploads\/2019\/10\/marine-tapisserie-chiffonniers-atelier-400x566.jpg 400w, https:\/\/leschiffonniersmorlaix.fr\/wp-content\/uploads\/2019\/10\/marine-tapisserie-chiffonniers-atelier.jpg 600w\" sizes=\"auto, (max-width: 212px) 85vw, 212px\" \/><\/figure><div class=\"wp-block-media-text__content\">\n<p style=\"font-size:14px\" class=\"has-text-align-justify\">Apr\u00e8s sa formation en tapisserie, Marine lance son entreprise. Elle confectionne ses pi\u00e8ces uniques chez elle dans son atelier\u2026 Mais Marine devient b\u00e9n\u00e9vole aux Chiffonniers\u2026 Ainsi elle donne de son temps et de savoir \u00e0 l\u2019association en r\u00e9alisant en parall\u00e8le de son activit\u00e9, des chaises, des tabourets \u2026etc\u2026 Trouv\u00e9s et r\u00e9nov\u00e9s au sein m\u00eame de la Ressourcerie, et avec des mat\u00e9riaux d\u00e9nich\u00e9s sur place.<\/p>\n<\/div><\/div>\n\n\n\n<p><\/p>\n\n\n\n<p><\/p>\n","protected":false},"excerpt":{"rendered":"<p>Apr\u00e8s sa formation en tapisserie, Marine lance son entreprise. Elle confectionne ses pi\u00e8ces uniques chez elle dans son atelier\u2026 Mais Marine devient b\u00e9n\u00e9vole aux Chiffonniers\u2026 Ainsi elle donne de son temps et de savoir \u00e0 l\u2019association en r\u00e9alisant en parall\u00e8le de son activit\u00e9, des chaises, des tabourets \u2026etc\u2026 Trouv\u00e9s et r\u00e9nov\u00e9s au sein m\u00eame de &hellip; <a href=\"https:\/\/leschiffonniersmorlaix.fr\/?page_id=1282\" class=\"more-link\">Continuer la lecture<span class=\"screen-reader-text\"> de &laquo;&nbsp;Les Cr\u00e9ations et Cr\u00e9ateurs&nbsp;&raquo;<\/span><\/a><\/p>\n","protected":false},"author":2,"featured_media":0,"parent":0,"menu_order":0,"comment_status":"closed","ping_status":"closed","template":"","meta":{"footnotes":""},"class_list":["post-1282","page","type-page","status-publish","hentry"],"jetpack_sharing_enabled":true,"_links":{"self":[{"href":"https:\/\/leschiffonniersmorlaix.fr\/index.php?rest_route=\/wp\/v2\/pages\/1282","targetHints":{"allow":["GET"]}}],"collection":[{"href":"https:\/\/leschiffonniersmorlaix.fr\/index.php?rest_route=\/wp\/v2\/pages"}],"about":[{"href":"https:\/\/leschiffonniersmorlaix.fr\/index.php?rest_route=\/wp\/v2\/types\/page"}],"author":[{"embeddable":true,"href":"https:\/\/leschiffonniersmorlaix.fr\/index.php?rest_route=\/wp\/v2\/users\/2"}],"replies":[{"embeddable":true,"href":"https:\/\/leschiffonniersmorlaix.fr\/index.php?rest_route=%2Fwp%2Fv2%2Fcomments&post=1282"}],"version-history":[{"count":12,"href":"https:\/\/leschiffonniersmorlaix.fr\/index.php?rest_route=\/wp\/v2\/pages\/1282\/revisions"}],"predecessor-version":[{"id":1411,"href":"https:\/\/leschiffonniersmorlaix.fr\/index.php?rest_route=\/wp\/v2\/pages\/1282\/revisions\/1411"}],"wp:attachment":[{"href":"https:\/\/leschiffonniersmorlaix.fr\/index.php?rest_route=%2Fwp%2Fv2%2Fmedia&parent=1282"}],"curies":[{"name":"wp","href":"https:\/\/api.w.org\/{rel}","templated":true}]}}