{"id":1280,"date":"2020-02-26T16:49:31","date_gmt":"2020-02-26T15:49:31","guid":{"rendered":"http:\/\/leschiffonniersmorlaix.fr\/?page_id=1280"},"modified":"2025-04-12T11:35:28","modified_gmt":"2025-04-12T09:35:28","slug":"les-compagnons-et-lauberge","status":"publish","type":"page","link":"https:\/\/leschiffonniersmorlaix.fr\/?page_id=1280","title":{"rendered":"Les Compagnons"},"content":{"rendered":"\n<p><\/p>\n\n\n\n<p>Les compagnons sont des b\u00e9n\u00e9voles h\u00e9berg\u00e9s par l\u2019association qui b\u00e9n\u00e9ficient d\u2019un accompagnement social global et d\u2019un projet personnalis\u00e9 adapt\u00e9 \u00e0 leurs besoins. <br><br>Leur pr\u00e9sence aux Chiffonniers est balis\u00e9e par un contrat moral&nbsp;: leur h\u00e9bergement \u00e0 titre gracieux sous-tend un investissement sur les activit\u00e9s de la Ressourcerie dans une logique de remobilisation globale.<br><br>En 2025, 4 compagnons sont h\u00e9berg\u00e9s. Un contrat de s\u00e9jour, un projet personnalis\u00e9 et un r\u00e8glement de fonctionnement jalonnent leur parcours aux Chiffonniers.<\/p>\n\n\n\n<p>Leur accueil est conditionn\u00e9 par une inscription sur l\u2019activit\u00e9, dans le respect du rythme et des besoins de chacun.<\/p>\n\n\n\n<p class=\"has-text-align-justify\" style=\"font-size:-4px\">.<\/p>\n\n\n\n<p class=\"has-text-align-justify has-dark-gray-color has-text-color\"><\/p>\n\n\n\n<div class=\"wp-block-columns is-layout-flex wp-container-core-columns-is-layout-9d6595d7 wp-block-columns-is-layout-flex\">\n<div class=\"wp-block-column is-layout-flow wp-block-column-is-layout-flow\">\n<figure class=\"wp-block-image size-full\"><img loading=\"lazy\" decoding=\"async\" width=\"600\" height=\"800\" src=\"https:\/\/leschiffonniersmorlaix.fr\/wp-content\/uploads\/2022\/09\/Pch-189.jpg\" alt=\"\" class=\"wp-image-2128\" srcset=\"https:\/\/leschiffonniersmorlaix.fr\/wp-content\/uploads\/2022\/09\/Pch-189.jpg 600w, https:\/\/leschiffonniersmorlaix.fr\/wp-content\/uploads\/2022\/09\/Pch-189-225x300.jpg 225w\" sizes=\"auto, (max-width: 600px) 85vw, 600px\" \/><\/figure>\n<\/div>\n\n\n\n<div class=\"wp-block-column is-layout-flow wp-block-column-is-layout-flow\">\n<figure class=\"wp-block-image size-full\"><img loading=\"lazy\" decoding=\"async\" width=\"600\" height=\"800\" src=\"https:\/\/leschiffonniersmorlaix.fr\/wp-content\/uploads\/2022\/09\/P1380404.jpg\" alt=\"\" class=\"wp-image-2156\" srcset=\"https:\/\/leschiffonniersmorlaix.fr\/wp-content\/uploads\/2022\/09\/P1380404.jpg 600w, https:\/\/leschiffonniersmorlaix.fr\/wp-content\/uploads\/2022\/09\/P1380404-225x300.jpg 225w\" sizes=\"auto, (max-width: 600px) 85vw, 600px\" \/><\/figure>\n<\/div>\n\n\n\n<div class=\"wp-block-column is-layout-flow wp-block-column-is-layout-flow\">\n<figure class=\"wp-block-image size-full\"><img loading=\"lazy\" decoding=\"async\" width=\"600\" height=\"800\" src=\"https:\/\/leschiffonniersmorlaix.fr\/wp-content\/uploads\/2022\/09\/P1360111.jpg\" alt=\"\" class=\"wp-image-2157\" srcset=\"https:\/\/leschiffonniersmorlaix.fr\/wp-content\/uploads\/2022\/09\/P1360111.jpg 600w, https:\/\/leschiffonniersmorlaix.fr\/wp-content\/uploads\/2022\/09\/P1360111-225x300.jpg 225w\" sizes=\"auto, (max-width: 600px) 85vw, 600px\" \/><\/figure>\n<\/div>\n<\/div>\n\n\n\n<p class=\"has-text-align-justify has-white-color has-dark-gray-background-color has-text-color has-background\"><\/p>\n","protected":false},"excerpt":{"rendered":"<p>Les compagnons sont des b\u00e9n\u00e9voles h\u00e9berg\u00e9s par l\u2019association qui b\u00e9n\u00e9ficient d\u2019un accompagnement social global et d\u2019un projet personnalis\u00e9 adapt\u00e9 \u00e0 leurs besoins. Leur pr\u00e9sence aux Chiffonniers est balis\u00e9e par un contrat moral&nbsp;: leur h\u00e9bergement \u00e0 titre gracieux sous-tend un investissement sur les activit\u00e9s de la Ressourcerie dans une logique de remobilisation globale. En 2025, 4 &hellip; <a href=\"https:\/\/leschiffonniersmorlaix.fr\/?page_id=1280\" class=\"more-link\">Continuer la lecture<span class=\"screen-reader-text\"> de &laquo;&nbsp;Les Compagnons&nbsp;&raquo;<\/span><\/a><\/p>\n","protected":false},"author":2,"featured_media":0,"parent":0,"menu_order":0,"comment_status":"closed","ping_status":"closed","template":"","meta":{"footnotes":""},"class_list":["post-1280","page","type-page","status-publish","hentry"],"jetpack_sharing_enabled":true,"_links":{"self":[{"href":"https:\/\/leschiffonniersmorlaix.fr\/index.php?rest_route=\/wp\/v2\/pages\/1280","targetHints":{"allow":["GET"]}}],"collection":[{"href":"https:\/\/leschiffonniersmorlaix.fr\/index.php?rest_route=\/wp\/v2\/pages"}],"about":[{"href":"https:\/\/leschiffonniersmorlaix.fr\/index.php?rest_route=\/wp\/v2\/types\/page"}],"author":[{"embeddable":true,"href":"https:\/\/leschiffonniersmorlaix.fr\/index.php?rest_route=\/wp\/v2\/users\/2"}],"replies":[{"embeddable":true,"href":"https:\/\/leschiffonniersmorlaix.fr\/index.php?rest_route=%2Fwp%2Fv2%2Fcomments&post=1280"}],"version-history":[{"count":14,"href":"https:\/\/leschiffonniersmorlaix.fr\/index.php?rest_route=\/wp\/v2\/pages\/1280\/revisions"}],"predecessor-version":[{"id":2525,"href":"https:\/\/leschiffonniersmorlaix.fr\/index.php?rest_route=\/wp\/v2\/pages\/1280\/revisions\/2525"}],"wp:attachment":[{"href":"https:\/\/leschiffonniersmorlaix.fr\/index.php?rest_route=%2Fwp%2Fv2%2Fmedia&parent=1280"}],"curies":[{"name":"wp","href":"https:\/\/api.w.org\/{rel}","templated":true}]}}