{"id":1276,"date":"2020-02-26T16:41:24","date_gmt":"2020-02-26T15:41:24","guid":{"rendered":"http:\/\/leschiffonniersmorlaix.fr\/?page_id=1276"},"modified":"2025-05-13T18:14:45","modified_gmt":"2025-05-13T16:14:45","slug":"accueil-hebergement-et-accompagnement","status":"publish","type":"page","link":"https:\/\/leschiffonniersmorlaix.fr\/?page_id=1276","title":{"rendered":"Accueil, H\u00e9bergement et Accompagnement"},"content":{"rendered":"\n<div class=\"wp-block-jetpack-slideshow aligncenter\" data-effect=\"slide\"><div class=\"wp-block-jetpack-slideshow_container swiper-container\"><ul class=\"wp-block-jetpack-slideshow_swiper-wrapper swiper-wrapper\"><li class=\"wp-block-jetpack-slideshow_slide swiper-slide\"><figure><img loading=\"lazy\" decoding=\"async\" width=\"800\" height=\"437\" alt=\"\" class=\"wp-block-jetpack-slideshow_image wp-image-2002\" data-id=\"2002\" src=\"https:\/\/leschiffonniersmorlaix.fr\/wp-content\/uploads\/2022\/08\/P1380421-1.jpg\" srcset=\"https:\/\/leschiffonniersmorlaix.fr\/wp-content\/uploads\/2022\/08\/P1380421-1.jpg 800w, https:\/\/leschiffonniersmorlaix.fr\/wp-content\/uploads\/2022\/08\/P1380421-1-300x164.jpg 300w, https:\/\/leschiffonniersmorlaix.fr\/wp-content\/uploads\/2022\/08\/P1380421-1-768x420.jpg 768w\" sizes=\"(max-width: 800px) 85vw, 800px\" \/><\/figure><\/li><li class=\"wp-block-jetpack-slideshow_slide swiper-slide\"><figure><img loading=\"lazy\" decoding=\"async\" width=\"800\" height=\"388\" alt=\"\" class=\"wp-block-jetpack-slideshow_image wp-image-2086\" data-id=\"2086\" src=\"https:\/\/leschiffonniersmorlaix.fr\/wp-content\/uploads\/2022\/09\/P1400036.jpg\" srcset=\"https:\/\/leschiffonniersmorlaix.fr\/wp-content\/uploads\/2022\/09\/P1400036.jpg 800w, https:\/\/leschiffonniersmorlaix.fr\/wp-content\/uploads\/2022\/09\/P1400036-300x146.jpg 300w, https:\/\/leschiffonniersmorlaix.fr\/wp-content\/uploads\/2022\/09\/P1400036-768x372.jpg 768w\" sizes=\"(max-width: 800px) 85vw, 800px\" \/><\/figure><\/li><li class=\"wp-block-jetpack-slideshow_slide swiper-slide\"><figure><img loading=\"lazy\" decoding=\"async\" width=\"800\" height=\"410\" alt=\"\" class=\"wp-block-jetpack-slideshow_image wp-image-2087\" data-id=\"2087\" src=\"https:\/\/leschiffonniersmorlaix.fr\/wp-content\/uploads\/2022\/09\/P1390247.jpg\" srcset=\"https:\/\/leschiffonniersmorlaix.fr\/wp-content\/uploads\/2022\/09\/P1390247.jpg 800w, https:\/\/leschiffonniersmorlaix.fr\/wp-content\/uploads\/2022\/09\/P1390247-300x154.jpg 300w, https:\/\/leschiffonniersmorlaix.fr\/wp-content\/uploads\/2022\/09\/P1390247-768x394.jpg 768w\" sizes=\"(max-width: 800px) 85vw, 800px\" \/><\/figure><\/li><li class=\"wp-block-jetpack-slideshow_slide swiper-slide\"><figure><img loading=\"lazy\" decoding=\"async\" width=\"800\" height=\"578\" alt=\"\" class=\"wp-block-jetpack-slideshow_image wp-image-2094\" data-id=\"2094\" src=\"https:\/\/leschiffonniersmorlaix.fr\/wp-content\/uploads\/2022\/09\/P1370703.jpg\" srcset=\"https:\/\/leschiffonniersmorlaix.fr\/wp-content\/uploads\/2022\/09\/P1370703.jpg 800w, https:\/\/leschiffonniersmorlaix.fr\/wp-content\/uploads\/2022\/09\/P1370703-300x217.jpg 300w, https:\/\/leschiffonniersmorlaix.fr\/wp-content\/uploads\/2022\/09\/P1370703-768x555.jpg 768w\" sizes=\"(max-width: 800px) 85vw, 800px\" \/><\/figure><\/li><li class=\"wp-block-jetpack-slideshow_slide swiper-slide\"><figure><img loading=\"lazy\" decoding=\"async\" width=\"800\" height=\"407\" alt=\"\" class=\"wp-block-jetpack-slideshow_image wp-image-2028\" data-id=\"2028\" src=\"https:\/\/leschiffonniersmorlaix.fr\/wp-content\/uploads\/2022\/08\/P1320362-1.jpg\" srcset=\"https:\/\/leschiffonniersmorlaix.fr\/wp-content\/uploads\/2022\/08\/P1320362-1.jpg 800w, https:\/\/leschiffonniersmorlaix.fr\/wp-content\/uploads\/2022\/08\/P1320362-1-300x153.jpg 300w, https:\/\/leschiffonniersmorlaix.fr\/wp-content\/uploads\/2022\/08\/P1320362-1-768x391.jpg 768w\" sizes=\"(max-width: 800px) 85vw, 800px\" \/><\/figure><\/li><\/ul><a class=\"wp-block-jetpack-slideshow_button-prev swiper-button-prev swiper-button-white\" role=\"button\"><\/a><a class=\"wp-block-jetpack-slideshow_button-next swiper-button-next swiper-button-white\" role=\"button\"><\/a><a aria-label=\"Pause Slideshow\" class=\"wp-block-jetpack-slideshow_button-pause\" role=\"button\"><\/a><div class=\"wp-block-jetpack-slideshow_pagination swiper-pagination swiper-pagination-white\"><\/div><\/div><\/div>\n\n\n\n<p class=\"has-text-align-justify has-white-color has-dark-gray-background-color has-text-color has-background\"><strong>Le r\u00f4le premier de l\u2019association, Les Chiffonniers de la Joie est d\u2019\u00eatre un soutien pour toute personne accueillie. L\u2019association a pour objet d\u2019\u00eatre acteur de solidarit\u00e9, en cr\u00e9ant du lien social, sans discrimination.<\/strong><\/p>\n\n\n\n<p class=\"has-text-align-justify has-dark-gray-color has-text-color\"><strong>Cet accompagnement pour les<a href=\"http:\/\/leschiffonniersmorlaix.fr\/?page_id=1278\"> b\u00e9n\u00e9voles<\/a> et <a href=\"http:\/\/leschiffonniersmorlaix.fr\/?page_id=1280\">compagnons<\/a> prend en compte la dimension singuli\u00e8re de chaque personne.<\/strong><\/p>\n\n\n\n<p class=\"has-text-align-justify has-small-font-size\">Les Chiffonniers de la Joie privil\u00e9gient des valeurs humanistes telles que l\u2019entraide, la solidarit\u00e9, l\u2019humanit\u00e9. <strong>L\u2019association accueille toutes personnes souhaitant faire parti du projet collectif<\/strong>. Seule l\u2019envie de cr\u00e9er du lien social et d\u2019exercer une activit\u00e9 dans l\u2019association sont attendus pour une entr\u00e9e dans celle-ci. Ces personnes sont alors b\u00e9n\u00e9voles ou r\u00e9sidents (personne occupant un logement sur l\u2019association).<\/p>\n\n\n\n<p class=\"has-text-align-justify has-normal-font-size\"><strong>Une dynamique de groupe et un sentiment d\u2019appartenance permet au Collectif la prise de responsabilit\u00e9 des personnes, le d\u00e9veloppement des comp\u00e9tences et l\u2019implication dans la vie locale.<\/strong><\/p>\n\n\n\n<ul class=\"wp-block-list\">\n<li>L&rsquo;Association est \u00e9galement habilit\u00e9e par le Minist\u00e8re de l&rsquo;Int\u00e9rieur \u00e0 accueillir des personnes en situation de Travaux d&rsquo;Int\u00e9r\u00eat G\u00e9n\u00e9raux. <\/li>\n<\/ul>\n\n\n\n<ul class=\"wp-block-list\">\n<li>L&rsquo;Association est en convention partenariale avec diff\u00e9rente structure sociales, m\u00e9dicales et \u00e9ducatives.<\/li>\n<\/ul>\n\n\n\n<h4 class=\"wp-block-heading\">Accompagnement Global<\/h4>\n\n\n\n<p class=\"has-text-align-justify\" style=\"font-size:15px\"><strong>Tout individu peut s\u2019il le souhaite b\u00e9n\u00e9ficier \u00e0 tout moment d\u2019un accompagnement global.<br>Il concerne tous les domaines de la vie quotidienne d\u2019une personne.<\/strong><\/p>\n\n\n\n<ul class=\"wp-block-list\">\n<li><em>logement (avoir un toit, s\u2019y maintenir, l\u2019entretenir, l\u2019habiter, l\u2019administratif s\u2019y r\u00e9f\u00e9rant\u2026),<\/em><\/li>\n\n\n\n<li><em>la sant\u00e9, favoriser l\u2019acc\u00e8s aux diff\u00e9rents services (accompagnement physique, r\u00e9assurance, lien avec les m\u00e9decins, questionnements)<\/em><\/li>\n\n\n\n<li><em>l\u2019acc\u00e8s aux droits\u00a0: accompagnements, informations. Permettre une totale connaissance des droits<\/em><\/li>\n\n\n\n<li><em>une aide pour les d\u00e9marches et la gestion administratives et budg\u00e9taires\u00a0<\/em><\/li>\n\n\n\n<li><em>les relations familiales\/conjugales et les questions\/soutiens li\u00e9s \u00e0 la parentalit\u00e9,<\/em><\/li>\n\n\n\n<li><em>l\u2019acc\u00e8s aux loisirs et \u00e0 la culture, en vue d\u2019une lutte contre l\u2019isolement<\/em><\/li>\n\n\n\n<li><em>La lutte contre l\u2019illettrisme<\/em><\/li>\n\n\n\n<li><em>L\u2019inclusion num\u00e9rique (soutien, aide, conseil, accompagnement)<\/em><\/li>\n\n\n\n<li><em>l\u2019\u00e9ducation, la citoyennet\u00e9,<\/em><\/li>\n\n\n\n<li><em>l\u2019emploi \u2013 la formation,<\/em><\/li>\n\n\n\n<li><em>les diff\u00e9rents points li\u00e9s \u00e0 la mobilit\u00e9,<\/em><\/li>\n\n\n\n<li><em>la justice.<\/em><\/li>\n\n\n\n<li><em>La relation \u00e0 soi, la relation aux autres\u00a0: changer de regard sur elle-m\u00eame.<\/em><\/li>\n<\/ul>\n\n\n\n<p class=\"has-text-align-justify\">Ce pole social de la Ressourcerie assure le respect de la vie priv\u00e9e pour le demandeur ainsi que sa dignit\u00e9. Travaillant selon les principes de <strong>la loi du 29 Juillet 1998 consacr\u00e9e \u00e0 la lutte contre les exclusions.<\/strong><\/p>\n\n\n\n<p class=\"has-text-align-justify has-white-color has-dark-gray-background-color has-text-color has-background has-normal-font-size\">Le but \u00e9tant de mener \u00e0 bien le projet personnel de chacun&#8230;<\/p>\n\n\n\n<figure class=\"wp-block-gallery has-nested-images columns-default is-cropped wp-block-gallery-1 is-layout-flex wp-block-gallery-is-layout-flex\">\n<figure class=\"wp-block-image size-full\"><img loading=\"lazy\" decoding=\"async\" width=\"600\" height=\"800\" data-id=\"2089\" src=\"https:\/\/leschiffonniersmorlaix.fr\/wp-content\/uploads\/2022\/09\/Pch-188-1.jpg\" alt=\"\" class=\"wp-image-2089\" srcset=\"https:\/\/leschiffonniersmorlaix.fr\/wp-content\/uploads\/2022\/09\/Pch-188-1.jpg 600w, https:\/\/leschiffonniersmorlaix.fr\/wp-content\/uploads\/2022\/09\/Pch-188-1-225x300.jpg 225w\" sizes=\"auto, (max-width: 600px) 85vw, 600px\" \/><\/figure>\n\n\n\n<figure class=\"wp-block-image size-full\"><img loading=\"lazy\" decoding=\"async\" width=\"600\" height=\"800\" data-id=\"2095\" src=\"https:\/\/leschiffonniersmorlaix.fr\/wp-content\/uploads\/2022\/09\/P1390938.jpg\" alt=\"\" class=\"wp-image-2095\" srcset=\"https:\/\/leschiffonniersmorlaix.fr\/wp-content\/uploads\/2022\/09\/P1390938.jpg 600w, https:\/\/leschiffonniersmorlaix.fr\/wp-content\/uploads\/2022\/09\/P1390938-225x300.jpg 225w\" sizes=\"auto, (max-width: 600px) 85vw, 600px\" \/><\/figure>\n\n\n\n<figure class=\"wp-block-image size-full\"><img loading=\"lazy\" decoding=\"async\" width=\"600\" height=\"800\" data-id=\"2090\" src=\"https:\/\/leschiffonniersmorlaix.fr\/wp-content\/uploads\/2022\/09\/P1390901.jpg\" alt=\"\" class=\"wp-image-2090\" srcset=\"https:\/\/leschiffonniersmorlaix.fr\/wp-content\/uploads\/2022\/09\/P1390901.jpg 600w, https:\/\/leschiffonniersmorlaix.fr\/wp-content\/uploads\/2022\/09\/P1390901-225x300.jpg 225w\" sizes=\"auto, (max-width: 600px) 85vw, 600px\" \/><\/figure>\n\n\n\n<figure class=\"wp-block-image size-full\"><img loading=\"lazy\" decoding=\"async\" width=\"600\" height=\"800\" data-id=\"2091\" src=\"https:\/\/leschiffonniersmorlaix.fr\/wp-content\/uploads\/2022\/09\/P1390772.jpg\" alt=\"\" class=\"wp-image-2091\" srcset=\"https:\/\/leschiffonniersmorlaix.fr\/wp-content\/uploads\/2022\/09\/P1390772.jpg 600w, https:\/\/leschiffonniersmorlaix.fr\/wp-content\/uploads\/2022\/09\/P1390772-225x300.jpg 225w\" sizes=\"auto, (max-width: 600px) 85vw, 600px\" \/><\/figure>\n\n\n\n<figure class=\"wp-block-image size-full\"><img loading=\"lazy\" decoding=\"async\" width=\"600\" height=\"800\" data-id=\"2092\" src=\"https:\/\/leschiffonniersmorlaix.fr\/wp-content\/uploads\/2022\/09\/P1400066.jpg\" alt=\"\" class=\"wp-image-2092\" srcset=\"https:\/\/leschiffonniersmorlaix.fr\/wp-content\/uploads\/2022\/09\/P1400066.jpg 600w, https:\/\/leschiffonniersmorlaix.fr\/wp-content\/uploads\/2022\/09\/P1400066-225x300.jpg 225w\" sizes=\"auto, (max-width: 600px) 85vw, 600px\" \/><\/figure>\n\n\n\n<figure class=\"wp-block-image size-full\"><img loading=\"lazy\" decoding=\"async\" width=\"600\" height=\"800\" data-id=\"2093\" src=\"https:\/\/leschiffonniersmorlaix.fr\/wp-content\/uploads\/2022\/09\/P1400101.jpg\" alt=\"\" class=\"wp-image-2093\" srcset=\"https:\/\/leschiffonniersmorlaix.fr\/wp-content\/uploads\/2022\/09\/P1400101.jpg 600w, https:\/\/leschiffonniersmorlaix.fr\/wp-content\/uploads\/2022\/09\/P1400101-225x300.jpg 225w\" sizes=\"auto, (max-width: 600px) 85vw, 600px\" \/><\/figure>\n<\/figure>\n\n\n\n<p><\/p>\n","protected":false},"excerpt":{"rendered":"<p>Le r\u00f4le premier de l\u2019association, Les Chiffonniers de la Joie est d\u2019\u00eatre un soutien pour toute personne accueillie. L\u2019association a pour objet d\u2019\u00eatre acteur de solidarit\u00e9, en cr\u00e9ant du lien social, sans discrimination. Cet accompagnement pour les b\u00e9n\u00e9voles et compagnons prend en compte la dimension singuli\u00e8re de chaque personne. Les Chiffonniers de la Joie privil\u00e9gient &hellip; <a href=\"https:\/\/leschiffonniersmorlaix.fr\/?page_id=1276\" class=\"more-link\">Continuer la lecture<span class=\"screen-reader-text\"> de &laquo;&nbsp;Accueil, H\u00e9bergement et Accompagnement&nbsp;&raquo;<\/span><\/a><\/p>\n","protected":false},"author":2,"featured_media":0,"parent":0,"menu_order":0,"comment_status":"closed","ping_status":"closed","template":"","meta":{"footnotes":""},"class_list":["post-1276","page","type-page","status-publish","hentry"],"jetpack_sharing_enabled":true,"_links":{"self":[{"href":"https:\/\/leschiffonniersmorlaix.fr\/index.php?rest_route=\/wp\/v2\/pages\/1276","targetHints":{"allow":["GET"]}}],"collection":[{"href":"https:\/\/leschiffonniersmorlaix.fr\/index.php?rest_route=\/wp\/v2\/pages"}],"about":[{"href":"https:\/\/leschiffonniersmorlaix.fr\/index.php?rest_route=\/wp\/v2\/types\/page"}],"author":[{"embeddable":true,"href":"https:\/\/leschiffonniersmorlaix.fr\/index.php?rest_route=\/wp\/v2\/users\/2"}],"replies":[{"embeddable":true,"href":"https:\/\/leschiffonniersmorlaix.fr\/index.php?rest_route=%2Fwp%2Fv2%2Fcomments&post=1276"}],"version-history":[{"count":17,"href":"https:\/\/leschiffonniersmorlaix.fr\/index.php?rest_route=\/wp\/v2\/pages\/1276\/revisions"}],"predecessor-version":[{"id":2539,"href":"https:\/\/leschiffonniersmorlaix.fr\/index.php?rest_route=\/wp\/v2\/pages\/1276\/revisions\/2539"}],"wp:attachment":[{"href":"https:\/\/leschiffonniersmorlaix.fr\/index.php?rest_route=%2Fwp%2Fv2%2Fmedia&parent=1276"}],"curies":[{"name":"wp","href":"https:\/\/api.w.org\/{rel}","templated":true}]}}