{"id":1265,"date":"2020-02-26T16:00:09","date_gmt":"2020-02-26T15:00:09","guid":{"rendered":"http:\/\/leschiffonniersmorlaix.fr\/?page_id=1265"},"modified":"2025-03-06T11:28:10","modified_gmt":"2025-03-06T10:28:10","slug":"les-collectes","status":"publish","type":"page","link":"https:\/\/leschiffonniersmorlaix.fr\/?page_id=1265","title":{"rendered":"Les Collectes"},"content":{"rendered":"<div class=\"wp-block-image\">\n<figure class=\"aligncenter size-full is-resized\"><img loading=\"lazy\" decoding=\"async\" width=\"600\" height=\"849\" src=\"https:\/\/leschiffonniersmorlaix.fr\/wp-content\/uploads\/2020\/02\/article-collectes-et-dc3a9barras-chiffonniers.jpg\" alt=\"\" class=\"wp-image-983\" style=\"width:600px;height:849px\" srcset=\"https:\/\/leschiffonniersmorlaix.fr\/wp-content\/uploads\/2020\/02\/article-collectes-et-dc3a9barras-chiffonniers.jpg 600w, https:\/\/leschiffonniersmorlaix.fr\/wp-content\/uploads\/2020\/02\/article-collectes-et-dc3a9barras-chiffonniers-400x566.jpg 400w, https:\/\/leschiffonniersmorlaix.fr\/wp-content\/uploads\/2020\/02\/article-collectes-et-dc3a9barras-chiffonniers-212x300.jpg 212w\" sizes=\"auto, (max-width: 600px) 85vw, 600px\" \/><\/figure>\n<\/div>\n\n<div class=\"wp-block-image\">\n<figure class=\"aligncenter size-large\"><img loading=\"lazy\" decoding=\"async\" width=\"1024\" height=\"724\" src=\"https:\/\/leschiffonniersmorlaix.fr\/wp-content\/uploads\/2020\/06\/plaquette-noir-et-blanc-test-pour-site-web-2-page-001-1024x724.jpg\" alt=\"\" class=\"wp-image-1612\" srcset=\"https:\/\/leschiffonniersmorlaix.fr\/wp-content\/uploads\/2020\/06\/plaquette-noir-et-blanc-test-pour-site-web-2-page-001-1024x724.jpg 1024w, https:\/\/leschiffonniersmorlaix.fr\/wp-content\/uploads\/2020\/06\/plaquette-noir-et-blanc-test-pour-site-web-2-page-001-300x212.jpg 300w, https:\/\/leschiffonniersmorlaix.fr\/wp-content\/uploads\/2020\/06\/plaquette-noir-et-blanc-test-pour-site-web-2-page-001-768x543.jpg 768w, https:\/\/leschiffonniersmorlaix.fr\/wp-content\/uploads\/2020\/06\/plaquette-noir-et-blanc-test-pour-site-web-2-page-001-1536x1086.jpg 1536w, https:\/\/leschiffonniersmorlaix.fr\/wp-content\/uploads\/2020\/06\/plaquette-noir-et-blanc-test-pour-site-web-2-page-001-2048x1448.jpg 2048w, https:\/\/leschiffonniersmorlaix.fr\/wp-content\/uploads\/2020\/06\/plaquette-noir-et-blanc-test-pour-site-web-2-page-001-1200x849.jpg 1200w, https:\/\/leschiffonniersmorlaix.fr\/wp-content\/uploads\/2020\/06\/plaquette-noir-et-blanc-test-pour-site-web-2-page-001-400x283.jpg 400w\" sizes=\"auto, (max-width: 709px) 85vw, (max-width: 909px) 67vw, (max-width: 1362px) 62vw, 840px\" \/><\/figure>\n<\/div>\n\n\n<div class=\"wp-block-columns is-layout-flex wp-container-core-columns-is-layout-9d6595d7 wp-block-columns-is-layout-flex\">\n<div class=\"wp-block-column is-layout-flow wp-block-column-is-layout-flow\">\n<p class=\"has-text-align-justify has-small-font-size\">La collecte&nbsp;: R\u00e9cup\u00e9rer&nbsp; \u00ab&nbsp;C\u2019est partir en collecte chez des particuliers ou des professionnels afin de r\u00e9cup\u00e9rer les objets dont ils ne veulent plus&nbsp;\u00bb 17 b\u00e9n\u00e9ficiaires du projet de l\u2019asso s\u2019activent sur cette activit\u00e9. Les apprentissages sont&nbsp;: les rep\u00e8res spacio-temporels, la manutention, la bonne utilisation des \u00e9quipements de protection individuels, la conduite de camions, le travail en \u00e9quipe.<\/p>\n<\/div>\n\n\n\n<div class=\"wp-block-column is-layout-flow wp-block-column-is-layout-flow\">\n<p class=\"has-text-align-justify has-small-font-size\">La majorit\u00e9 de l\u2019activit\u00e9 ce concentre sur Morlaix Communaut\u00e9 (780 prestations par an).<br>Aussi, nous comptons 143 prestations dans le Pays l\u00e9onard et 57 dans le pays de Landivisiau. <br><br>1030 d\u00e9barras sont effectu\u00e9s en 2019. Rappelons qu\u2019environs 4T sont collect\u00e9s par jour par la Ressourcerie<\/p>\n<\/div>\n<\/div>\n\n\n\n<hr class=\"wp-block-separator has-text-color has-dark-red-color has-css-opacity has-dark-red-background-color has-background is-style-wide\"\/>\n\n\n\n<p class=\"has-text-align-center\">Un univers de Muscles et de d\u00e9connade\u2026<\/p>\n\n\n\n<p class=\"has-small-font-size\">\u00ab&nbsp;<em>Une\n journ\u00e9e avec eux m\u2019a suffit !!! J\u2019ai le dos en compote, les mains et \npeu trop sales pour ma manucure de la veille, et une envie irr\u00e9sistible \nde me vautrer dans mon lit\u2026<\/em><br><br><em>Ils sont beaux, ils sont forts\u2026 Mais ils sont si press\u00e9s d\u2019aller travailler qu\u2019on les voit tr\u00e8s peu, les Loups et les Tigres<\/em>.<br><br><em>Ils\n arrivent le matin des potron-minet, v\u00eatus de leur tenue de travail. \nPantalon multi poches, le sweet encore un peu cracra, chaussures OF \nCOURSE de s\u00e9curit\u00e9s\u2026 et bien sur un moral d\u2019acier. Ils sont 6 ou 9 \u00e0 \nparcourir les routes en qu\u00eate de maison, d\u2019appartement, d\u2019un simple \ncanap\u00e9\u2026 Du mardi au samedi.<\/em><\/p>\n\n\n\n<p class=\"has-small-font-size\"><em>Ils\n se retrouvent le matin, 8heures 30, 8heures 45 au magasin, avalent un \ncaf\u00e9 en vitesse, et planning \u00e0 la main, GPS branch\u00e9, les cheveux dans le\n vent, ils partent vers de nouvelles aventures .<\/em><br><br><em>Apr\u00e8s une dure journ\u00e9e de labeur, c\u2019est la derni\u00e8re ligne droite.<br>Ils\n rentrent aux Chiff\u2019 charg\u00e9s de leur butin, l\u00e0 ou les autres braves les \naident \u00e0 d\u00e9charger meubles, vaisselles, linges, v\u00e9los ou autres planches\n \u00e0 voile\u2026&nbsp;\u00bb<\/em><\/p>\n","protected":false},"excerpt":{"rendered":"<p>La collecte&nbsp;: R\u00e9cup\u00e9rer&nbsp; \u00ab&nbsp;C\u2019est partir en collecte chez des particuliers ou des professionnels afin de r\u00e9cup\u00e9rer les objets dont ils ne veulent plus&nbsp;\u00bb 17 b\u00e9n\u00e9ficiaires du projet de l\u2019asso s\u2019activent sur cette activit\u00e9. Les apprentissages sont&nbsp;: les rep\u00e8res spacio-temporels, la manutention, la bonne utilisation des \u00e9quipements de protection individuels, la conduite de camions, le travail &hellip; <a href=\"https:\/\/leschiffonniersmorlaix.fr\/?page_id=1265\" class=\"more-link\">Continuer la lecture<span class=\"screen-reader-text\"> de &laquo;&nbsp;Les Collectes&nbsp;&raquo;<\/span><\/a><\/p>\n","protected":false},"author":2,"featured_media":0,"parent":0,"menu_order":0,"comment_status":"closed","ping_status":"closed","template":"","meta":{"footnotes":""},"class_list":["post-1265","page","type-page","status-publish","hentry"],"jetpack_sharing_enabled":true,"_links":{"self":[{"href":"https:\/\/leschiffonniersmorlaix.fr\/index.php?rest_route=\/wp\/v2\/pages\/1265","targetHints":{"allow":["GET"]}}],"collection":[{"href":"https:\/\/leschiffonniersmorlaix.fr\/index.php?rest_route=\/wp\/v2\/pages"}],"about":[{"href":"https:\/\/leschiffonniersmorlaix.fr\/index.php?rest_route=\/wp\/v2\/types\/page"}],"author":[{"embeddable":true,"href":"https:\/\/leschiffonniersmorlaix.fr\/index.php?rest_route=\/wp\/v2\/users\/2"}],"replies":[{"embeddable":true,"href":"https:\/\/leschiffonniersmorlaix.fr\/index.php?rest_route=%2Fwp%2Fv2%2Fcomments&post=1265"}],"version-history":[{"count":10,"href":"https:\/\/leschiffonniersmorlaix.fr\/index.php?rest_route=\/wp\/v2\/pages\/1265\/revisions"}],"predecessor-version":[{"id":2451,"href":"https:\/\/leschiffonniersmorlaix.fr\/index.php?rest_route=\/wp\/v2\/pages\/1265\/revisions\/2451"}],"wp:attachment":[{"href":"https:\/\/leschiffonniersmorlaix.fr\/index.php?rest_route=%2Fwp%2Fv2%2Fmedia&parent=1265"}],"curies":[{"name":"wp","href":"https:\/\/api.w.org\/{rel}","templated":true}]}}