{"id":1260,"date":"2020-02-26T15:54:04","date_gmt":"2020-02-26T14:54:04","guid":{"rendered":"http:\/\/leschiffonniersmorlaix.fr\/?page_id=1260"},"modified":"2025-04-13T12:09:29","modified_gmt":"2025-04-13T10:09:29","slug":"le-recyclage","status":"publish","type":"page","link":"https:\/\/leschiffonniersmorlaix.fr\/?page_id=1260","title":{"rendered":"L&rsquo;\u00e9conomie sociale et solidaire"},"content":{"rendered":"\n<p class=\"has-medium-font-size\"><\/p>\n\n\n\n<div class=\"wp-block-jetpack-slideshow aligncenter\" data-effect=\"slide\"><div class=\"wp-block-jetpack-slideshow_container swiper-container\"><ul class=\"wp-block-jetpack-slideshow_swiper-wrapper swiper-wrapper\"><li class=\"wp-block-jetpack-slideshow_slide swiper-slide\"><figure><img loading=\"lazy\" decoding=\"async\" width=\"800\" height=\"469\" alt=\"\" class=\"wp-block-jetpack-slideshow_image wp-image-2192\" data-id=\"2192\" src=\"https:\/\/leschiffonniersmorlaix.fr\/wp-content\/uploads\/2022\/09\/P1390076.jpg\" srcset=\"https:\/\/leschiffonniersmorlaix.fr\/wp-content\/uploads\/2022\/09\/P1390076.jpg 800w, https:\/\/leschiffonniersmorlaix.fr\/wp-content\/uploads\/2022\/09\/P1390076-300x176.jpg 300w, https:\/\/leschiffonniersmorlaix.fr\/wp-content\/uploads\/2022\/09\/P1390076-768x450.jpg 768w\" sizes=\"(max-width: 800px) 85vw, 800px\" \/><\/figure><\/li><li class=\"wp-block-jetpack-slideshow_slide swiper-slide\"><figure><img loading=\"lazy\" decoding=\"async\" width=\"800\" height=\"366\" alt=\"\" class=\"wp-block-jetpack-slideshow_image wp-image-2193\" data-id=\"2193\" src=\"https:\/\/leschiffonniersmorlaix.fr\/wp-content\/uploads\/2022\/09\/P1370537.jpg\" srcset=\"https:\/\/leschiffonniersmorlaix.fr\/wp-content\/uploads\/2022\/09\/P1370537.jpg 800w, https:\/\/leschiffonniersmorlaix.fr\/wp-content\/uploads\/2022\/09\/P1370537-300x137.jpg 300w, https:\/\/leschiffonniersmorlaix.fr\/wp-content\/uploads\/2022\/09\/P1370537-768x351.jpg 768w\" sizes=\"(max-width: 800px) 85vw, 800px\" \/><\/figure><\/li><li class=\"wp-block-jetpack-slideshow_slide swiper-slide\"><figure><img loading=\"lazy\" decoding=\"async\" width=\"800\" height=\"386\" alt=\"\" class=\"wp-block-jetpack-slideshow_image wp-image-2194\" data-id=\"2194\" src=\"https:\/\/leschiffonniersmorlaix.fr\/wp-content\/uploads\/2022\/09\/P1390327.jpg\" srcset=\"https:\/\/leschiffonniersmorlaix.fr\/wp-content\/uploads\/2022\/09\/P1390327.jpg 800w, https:\/\/leschiffonniersmorlaix.fr\/wp-content\/uploads\/2022\/09\/P1390327-300x145.jpg 300w, https:\/\/leschiffonniersmorlaix.fr\/wp-content\/uploads\/2022\/09\/P1390327-768x371.jpg 768w\" sizes=\"(max-width: 800px) 85vw, 800px\" \/><\/figure><\/li><li class=\"wp-block-jetpack-slideshow_slide swiper-slide\"><figure><img loading=\"lazy\" decoding=\"async\" width=\"800\" height=\"370\" alt=\"\" class=\"wp-block-jetpack-slideshow_image wp-image-2195\" data-id=\"2195\" src=\"https:\/\/leschiffonniersmorlaix.fr\/wp-content\/uploads\/2022\/09\/P1400113.jpg\" srcset=\"https:\/\/leschiffonniersmorlaix.fr\/wp-content\/uploads\/2022\/09\/P1400113.jpg 800w, https:\/\/leschiffonniersmorlaix.fr\/wp-content\/uploads\/2022\/09\/P1400113-300x139.jpg 300w, https:\/\/leschiffonniersmorlaix.fr\/wp-content\/uploads\/2022\/09\/P1400113-768x355.jpg 768w\" sizes=\"(max-width: 800px) 85vw, 800px\" \/><\/figure><\/li><\/ul><a class=\"wp-block-jetpack-slideshow_button-prev swiper-button-prev swiper-button-white\" role=\"button\"><\/a><a class=\"wp-block-jetpack-slideshow_button-next swiper-button-next swiper-button-white\" role=\"button\"><\/a><a aria-label=\"Pause Slideshow\" class=\"wp-block-jetpack-slideshow_button-pause\" role=\"button\"><\/a><div class=\"wp-block-jetpack-slideshow_pagination swiper-pagination swiper-pagination-white\"><\/div><\/div><\/div>\n\n\n\n<h2 class=\"wp-block-heading\"><\/h2>\n\n\n\n<p>Dans le cadre de son activit\u00e9 de Ressourcerie, les Chiffs s\u2019inscrivent dans la loi n\u00b0 2020-105 du 10 f\u00e9vrier 2020 relative \u00e0\u00a0la lutte contre le gaspillage et \u00e0 l\u2019\u00e9conomie circulaire\u00a0(AGEC). <br>Cette derni\u00e8re vise \u00e0 transformer notre \u00e9conomie lin\u00e9aire, produire, consommer, jeter, en une \u00e9conomie circulaire. <br>Elle se d\u00e9cline en cinq grands axes :<\/p>\n\n\n\n<ul class=\"wp-block-list\">\n<li>sortir du plastique jetable <br><\/li>\n\n\n\n<li>mieux informer les consommateurs <br><\/li>\n\n\n\n<li>lutter contre le gaspillage et pour le r\u00e9emploi solidaire <br><\/li>\n\n\n\n<li>agir contre l\u2019obsolescence programm\u00e9e <br><\/li>\n\n\n\n<li>mieux produire<\/li>\n<\/ul>\n\n\n\n<p>En qualit\u00e9 d\u2019acteur du r\u00e9emploi, de la valorisation, du recyclage et de la sensibilisation, les Chiffs agissent au quotidien dans la lutte contre le gaspillage et l\u2019\u00e9conomie circulaire.<\/p>\n\n\n\n<p class=\"has-text-align-justify\"><\/p>\n\n\n\n<p><\/p>\n\n\n\n<div class=\"wp-block-columns is-layout-flex wp-container-core-columns-is-layout-9d6595d7 wp-block-columns-is-layout-flex\">\n<div class=\"wp-block-column is-layout-flow wp-block-column-is-layout-flow\"><\/div>\n\n\n\n<div class=\"wp-block-column is-layout-flow wp-block-column-is-layout-flow\"><\/div>\n<\/div>\n","protected":false},"excerpt":{"rendered":"<p>Dans le cadre de son activit\u00e9 de Ressourcerie, les Chiffs s\u2019inscrivent dans la loi n\u00b0 2020-105 du 10 f\u00e9vrier 2020 relative \u00e0\u00a0la lutte contre le gaspillage et \u00e0 l\u2019\u00e9conomie circulaire\u00a0(AGEC). Cette derni\u00e8re vise \u00e0 transformer notre \u00e9conomie lin\u00e9aire, produire, consommer, jeter, en une \u00e9conomie circulaire. Elle se d\u00e9cline en cinq grands axes : En qualit\u00e9 &hellip; <a href=\"https:\/\/leschiffonniersmorlaix.fr\/?page_id=1260\" class=\"more-link\">Continuer la lecture<span class=\"screen-reader-text\"> de &laquo;&nbsp;L&rsquo;\u00e9conomie sociale et solidaire&nbsp;&raquo;<\/span><\/a><\/p>\n","protected":false},"author":2,"featured_media":0,"parent":0,"menu_order":0,"comment_status":"closed","ping_status":"closed","template":"","meta":{"footnotes":""},"class_list":["post-1260","page","type-page","status-publish","hentry"],"jetpack_sharing_enabled":true,"_links":{"self":[{"href":"https:\/\/leschiffonniersmorlaix.fr\/index.php?rest_route=\/wp\/v2\/pages\/1260","targetHints":{"allow":["GET"]}}],"collection":[{"href":"https:\/\/leschiffonniersmorlaix.fr\/index.php?rest_route=\/wp\/v2\/pages"}],"about":[{"href":"https:\/\/leschiffonniersmorlaix.fr\/index.php?rest_route=\/wp\/v2\/types\/page"}],"author":[{"embeddable":true,"href":"https:\/\/leschiffonniersmorlaix.fr\/index.php?rest_route=\/wp\/v2\/users\/2"}],"replies":[{"embeddable":true,"href":"https:\/\/leschiffonniersmorlaix.fr\/index.php?rest_route=%2Fwp%2Fv2%2Fcomments&post=1260"}],"version-history":[{"count":13,"href":"https:\/\/leschiffonniersmorlaix.fr\/index.php?rest_route=\/wp\/v2\/pages\/1260\/revisions"}],"predecessor-version":[{"id":2515,"href":"https:\/\/leschiffonniersmorlaix.fr\/index.php?rest_route=\/wp\/v2\/pages\/1260\/revisions\/2515"}],"wp:attachment":[{"href":"https:\/\/leschiffonniersmorlaix.fr\/index.php?rest_route=%2Fwp%2Fv2%2Fmedia&parent=1260"}],"curies":[{"name":"wp","href":"https:\/\/api.w.org\/{rel}","templated":true}]}}