{"id":1255,"date":"2020-02-26T15:41:46","date_gmt":"2020-02-26T14:41:46","guid":{"rendered":"http:\/\/leschiffonniersmorlaix.fr\/?page_id=1255"},"modified":"2020-02-28T10:02:17","modified_gmt":"2020-02-28T09:02:17","slug":"la-ressourcerie","status":"publish","type":"page","link":"https:\/\/leschiffonniersmorlaix.fr\/?page_id=1255","title":{"rendered":"La Ressourcerie"},"content":{"rendered":"\n<p class=\"has-text-color has-medium-font-size has-dark-red-color\">\n<strong>Un\nimpressionnant espace de vie et de travail au c\u0153ur d\u2019un espace\nnaturel.<\/strong><\/p>\n\n\n\n<div class=\"wp-block-image\"><figure class=\"alignleft size-large is-resized\"><img loading=\"lazy\" decoding=\"async\" src=\"http:\/\/leschiffonniersmorlaix.fr\/wp-content\/uploads\/2019\/12\/composition1-page-002-1-724x1024.jpg\" alt=\"Vous pouvez d\u00e9poser vos encombrants directement au magasin\" class=\"wp-image-1230\" width=\"259\" height=\"364\"\/><\/figure><\/div>\n\n\n\n<p class=\"has-text-color has-text-align-justify has-dark-gray-color CSS3\">La\nRessourcerie g\u00e8re <strong>la\nr\u00e9cup\u00e9ration, la revalorisation et la revente<\/strong>\nde bien sur le territoire de Morlaix. Son r\u00f4le de sensibilisation et\nd\u2019\u00e9ducation \u00e0 l\u2019environnement se joue pour la vie locale gr\u00e2ce\net avec ses zones de tri, sa plateforme de d\u00e9mant\u00e8lement, ses\nfili\u00e8res de <a href=\"https:\/\/leschiffonniersmorlaix.wordpress.com\/le-recyclage\/\">r<\/a><a href=\"https:\/\/leschiffonniersmorlaix.wordpress.com\/le-recyclage\/\" target=\"_blank\" rel=\"noreferrer noopener\">ecyclages<\/a>.\n\n<\/p>\n\n\n\n<p class=\"has-text-color has-background has-text-align-justify has-white-color has-dark-gray-background-color\">\n<strong>Travaillant\navec les \u00e9co-organismes et <\/strong><a href=\"https:\/\/href.li\/?https:\/\/www.morlaix-communaute.bzh\/\" target=\"_blank\" rel=\"noreferrer noopener\"><strong>Morlaix\ncommunaut\u00e9<\/strong><\/a><strong>,\nla Ressourcerie permet de ne plus tout jeter et de transformer les\nd\u00e9chets en mati\u00e8res premi\u00e8res de qualit\u00e9s.<br>\nLa Ressourcerie\ns\u2019appuie sur l\u2019\u00e9co-citoyennet\u00e9. Mettant l\u2019accent sur\nl\u2019\u00c9conomie Sociale et Solidaire et la protection de\nl\u2019environnement. <\/strong>\n<\/p>\n\n\n\n<p class=\"has-text-color has-text-align-justify has-dark-gray-color\"> Elle g\u00e9n\u00e8re diff\u00e9rents secteurs d\u2019activit\u00e9 telle que le tri, la vente au magasin, <a href=\"http:\/\/leschiffonniersmorlaix.fr\/?page_id=1265\" target=\"_blank\" rel=\"noreferrer noopener\">les collectes<\/a> et d\u00e9barras ext\u00e9rieurs, les collectes d\u00e9partementales du recyclage textile et <a href=\"http:\/\/leschiffonniersmorlaix.fr\/?page_id=1269\">les ateliers<\/a>\u2026 Permettant ainsi la R\u00e9utilisation, la R\u00e9paration et le R\u00e9emploi.  <\/p>\n\n\n\n<hr class=\"wp-block-separator has-text-color has-background has-dark-gray-background-color has-dark-gray-color\"\/>\n\n\n\n<p class=\"has-text-color has-medium-font-size has-dark-red-color\">\n<strong>La\nRessourcerie et les b\u00e9n\u00e9voles <\/strong>\n<\/p>\n\n\n\n<p class=\"has-text-color has-text-align-justify has-small-font-size has-dark-red-color\"><strong> <a href=\"http:\/\/leschiffonniersmorlaix.fr\/?page_id=1253\" target=\"_blank\" rel=\"noreferrer noopener\">L\u2019association <\/a>souhaite que l\u2019\u00c9conomie Sociale et Solidaire puisse \u00eatre utilis\u00e9e pour faire lien avec les personnes pr\u00e9sentant des difficult\u00e9s d\u2019insertion sociale et professionnelle et qu\u2019elle soit utilis\u00e9e de fa\u00e7on positive dans le parcours de celle-ci.  <\/strong><\/p>\n\n\n\n<p class=\"has-text-align-justify has-small-font-size\">\nChaque\nactivit\u00e9 est encadr\u00e9 par un r\u00e9f\u00e9rent salari\u00e9 permettant ainsi sa\nformation et l\u2019acc\u00e8s \u00e0 l\u2019activit\u00e9. Le but \u00e9tant de permettre\ngr\u00e2ce aux animations de la Ressourcerie un apprentissage ou\nr\u00e9apprentissage du respect des consignes, du respect des horaires,\ndu respect des autres afin de facilit\u00e9 un retour \u00e0 l\u2019emploi ou \u00e0\nla formation, le retour \u00e0 une vie social sereine. En permanence\naccompagn\u00e9e, l\u2019association mais tout en \u0153uvre pour la s\u00e9curiser,\nla soutenir et l\u2019\u00e9couter.<\/p>\n\n\n\n<p class=\"has-text-color has-text-align-justify has-medium-font-size has-dark-gray-color CSS3\"> L\u2019association s\u2019engage \u00e0 sensibiliser les publics aux moyens de limiter l\u2019impact de notre consommation. Cette pr\u00e9vention \u00e0 la r\u00e9duction des d\u00e9chets est au c\u0153ur de chaque \u00e9tape d\u2019intervention de l\u2019association. <strong>Au quotidien, salari\u00e9-e-s et <\/strong><a href=\"http:\/\/leschiffonniersmorlaix.fr\/?page_id=1278\"><strong>b\u00e9n\u00e9voles<\/strong><\/a><strong> profitent de leurs contacts avec le public pour interroger les pratiques et pr\u00e9senter le r\u00e9emploi comme une solution alternative concr\u00e8te et accessible. <\/strong> <\/p>\n\n\n\n<figure class=\"wp-block-image size-full\"><img loading=\"lazy\" decoding=\"async\" width=\"800\" height=\"600\" src=\"http:\/\/leschiffonniersmorlaix.fr\/wp-content\/uploads\/2019\/12\/chiff-.jpg\" alt=\"\" class=\"wp-image-801\" srcset=\"https:\/\/leschiffonniersmorlaix.fr\/wp-content\/uploads\/2019\/12\/chiff-.jpg 800w, https:\/\/leschiffonniersmorlaix.fr\/wp-content\/uploads\/2019\/12\/chiff--400x300.jpg 400w, https:\/\/leschiffonniersmorlaix.fr\/wp-content\/uploads\/2019\/12\/chiff--300x225.jpg 300w, https:\/\/leschiffonniersmorlaix.fr\/wp-content\/uploads\/2019\/12\/chiff--768x576.jpg 768w\" sizes=\"auto, (max-width: 800px) 85vw, 800px\" \/><\/figure>\n\n\n\n<p><\/p>\n","protected":false},"excerpt":{"rendered":"<p>Un impressionnant espace de vie et de travail au c\u0153ur d\u2019un espace naturel. La Ressourcerie g\u00e8re la r\u00e9cup\u00e9ration, la revalorisation et la revente de bien sur le territoire de Morlaix. Son r\u00f4le de sensibilisation et d\u2019\u00e9ducation \u00e0 l\u2019environnement se joue pour la vie locale gr\u00e2ce et avec ses zones de tri, sa plateforme de d\u00e9mant\u00e8lement, &hellip; <a href=\"https:\/\/leschiffonniersmorlaix.fr\/?page_id=1255\" class=\"more-link\">Continuer la lecture<span class=\"screen-reader-text\"> de &laquo;&nbsp;La Ressourcerie&nbsp;&raquo;<\/span><\/a><\/p>\n","protected":false},"author":2,"featured_media":0,"parent":0,"menu_order":0,"comment_status":"closed","ping_status":"closed","template":"","meta":{"footnotes":""},"class_list":["post-1255","page","type-page","status-publish","hentry"],"jetpack_sharing_enabled":true,"_links":{"self":[{"href":"https:\/\/leschiffonniersmorlaix.fr\/index.php?rest_route=\/wp\/v2\/pages\/1255","targetHints":{"allow":["GET"]}}],"collection":[{"href":"https:\/\/leschiffonniersmorlaix.fr\/index.php?rest_route=\/wp\/v2\/pages"}],"about":[{"href":"https:\/\/leschiffonniersmorlaix.fr\/index.php?rest_route=\/wp\/v2\/types\/page"}],"author":[{"embeddable":true,"href":"https:\/\/leschiffonniersmorlaix.fr\/index.php?rest_route=\/wp\/v2\/users\/2"}],"replies":[{"embeddable":true,"href":"https:\/\/leschiffonniersmorlaix.fr\/index.php?rest_route=%2Fwp%2Fv2%2Fcomments&post=1255"}],"version-history":[{"count":10,"href":"https:\/\/leschiffonniersmorlaix.fr\/index.php?rest_route=\/wp\/v2\/pages\/1255\/revisions"}],"predecessor-version":[{"id":1393,"href":"https:\/\/leschiffonniersmorlaix.fr\/index.php?rest_route=\/wp\/v2\/pages\/1255\/revisions\/1393"}],"wp:attachment":[{"href":"https:\/\/leschiffonniersmorlaix.fr\/index.php?rest_route=%2Fwp%2Fv2%2Fmedia&parent=1255"}],"curies":[{"name":"wp","href":"https:\/\/api.w.org\/{rel}","templated":true}]}}