{"id":1253,"date":"2020-02-26T15:35:55","date_gmt":"2020-02-26T14:35:55","guid":{"rendered":"http:\/\/leschiffonniersmorlaix.fr\/?page_id=1253"},"modified":"2025-04-08T16:06:57","modified_gmt":"2025-04-08T14:06:57","slug":"lassociation","status":"publish","type":"page","link":"https:\/\/leschiffonniersmorlaix.fr\/?page_id=1253","title":{"rendered":"L&rsquo;Association"},"content":{"rendered":"\n<p class=\"has-white-color has-dark-gray-background-color has-text-color has-background\">L\u2019ASSOCIATION<br><strong>Un r\u00f4le environnemental, un r\u00f4le social<\/strong>, un r\u00f4le \u00e9conomique<\/p>\n\n\n\n<p class=\"has-small-font-size\"><\/p>\n\n\n\n<p>L\u2019association Les Chiffonniers de la Joie a \u00e9t\u00e9 cr\u00e9\u00e9e en 1984 et est devenue l&rsquo;ACOAT, Association Citoyenne Ouvri\u00e8re d&rsquo;Aide par le Travail, en 2003.<\/p>\n\n\n\n<p>En 2010 l&rsquo;association s&rsquo;est install\u00e9e au 74 route de Callac \u00e0 Morlaix.<\/p>\n\n\n\n<p>Les missions principales de l&rsquo;association sont celles-ci :<\/p>\n\n\n\n<p># Lutter contre l\u2019exclusion, l\u2019isolement et la pauvret\u00e9 en cr\u00e9ant du lien social et en favorisant l\u2019entraide<\/p>\n\n\n\n<p># Favoriser la participation et l\u2019implication dans l\u2019association en d\u00e9veloppant le pouvoir d\u2019agir.<\/p>\n\n\n\n<p># Favoriser l\u2019insertion des personnes en situation d\u2019exclusion sociale et professionnelle<\/p>\n\n\n\n<p># Favoriser la r\u00e9duction des d\u00e9chets \u00e0 travers le r\u00e9emploi, le recyclage, la sensibilisation des publics.<\/p>\n\n\n\n<hr class=\"wp-block-separator has-text-color has-medium-gray-color has-css-opacity has-medium-gray-background-color has-background is-style-wide\"\/>\n\n\n\n<figure class=\"wp-block-gallery has-nested-images columns-default is-cropped wp-block-gallery-1 is-layout-flex wp-block-gallery-is-layout-flex\">\n<figure class=\"wp-block-image size-large\"><img loading=\"lazy\" decoding=\"async\" width=\"620\" height=\"874\" data-id=\"668\" src=\"http:\/\/leschiffonniersmorlaix.fr\/wp-content\/uploads\/2019\/11\/claudine-trombinoscope.jpg\" alt=\"\" class=\"wp-image-668\" srcset=\"https:\/\/leschiffonniersmorlaix.fr\/wp-content\/uploads\/2019\/11\/claudine-trombinoscope.jpg 620w, https:\/\/leschiffonniersmorlaix.fr\/wp-content\/uploads\/2019\/11\/claudine-trombinoscope-400x564.jpg 400w, https:\/\/leschiffonniersmorlaix.fr\/wp-content\/uploads\/2019\/11\/claudine-trombinoscope-213x300.jpg 213w\" sizes=\"auto, (max-width: 620px) 85vw, 620px\" \/><\/figure>\n\n\n\n<figure class=\"wp-block-image size-large\"><img loading=\"lazy\" decoding=\"async\" width=\"620\" height=\"874\" data-id=\"682\" src=\"http:\/\/leschiffonniersmorlaix.fr\/wp-content\/uploads\/2019\/11\/trombinoscope-michel.jpg\" alt=\"\" class=\"wp-image-682\" srcset=\"https:\/\/leschiffonniersmorlaix.fr\/wp-content\/uploads\/2019\/11\/trombinoscope-michel.jpg 620w, https:\/\/leschiffonniersmorlaix.fr\/wp-content\/uploads\/2019\/11\/trombinoscope-michel-400x564.jpg 400w, https:\/\/leschiffonniersmorlaix.fr\/wp-content\/uploads\/2019\/11\/trombinoscope-michel-213x300.jpg 213w\" sizes=\"auto, (max-width: 620px) 85vw, 620px\" \/><\/figure>\n\n\n\n<figure class=\"wp-block-image size-large\"><img loading=\"lazy\" decoding=\"async\" width=\"620\" height=\"874\" data-id=\"670\" src=\"http:\/\/leschiffonniersmorlaix.fr\/wp-content\/uploads\/2019\/11\/christophe-trombinoscope.jpg\" alt=\"\" class=\"wp-image-670\" srcset=\"https:\/\/leschiffonniersmorlaix.fr\/wp-content\/uploads\/2019\/11\/christophe-trombinoscope.jpg 620w, https:\/\/leschiffonniersmorlaix.fr\/wp-content\/uploads\/2019\/11\/christophe-trombinoscope-400x564.jpg 400w, https:\/\/leschiffonniersmorlaix.fr\/wp-content\/uploads\/2019\/11\/christophe-trombinoscope-213x300.jpg 213w\" sizes=\"auto, (max-width: 620px) 85vw, 620px\" \/><\/figure>\n\n\n\n<figure class=\"wp-block-image size-large\"><img loading=\"lazy\" decoding=\"async\" width=\"620\" height=\"874\" data-id=\"904\" src=\"http:\/\/leschiffonniersmorlaix.fr\/wp-content\/uploads\/2019\/12\/trombinoscope-musa2-page-001.jpg\" alt=\"\" class=\"wp-image-904\" srcset=\"https:\/\/leschiffonniersmorlaix.fr\/wp-content\/uploads\/2019\/12\/trombinoscope-musa2-page-001.jpg 620w, https:\/\/leschiffonniersmorlaix.fr\/wp-content\/uploads\/2019\/12\/trombinoscope-musa2-page-001-400x564.jpg 400w, https:\/\/leschiffonniersmorlaix.fr\/wp-content\/uploads\/2019\/12\/trombinoscope-musa2-page-001-213x300.jpg 213w\" sizes=\"auto, (max-width: 620px) 85vw, 620px\" \/><\/figure>\n\n\n\n<figure class=\"wp-block-image size-large\"><img loading=\"lazy\" decoding=\"async\" width=\"620\" height=\"874\" data-id=\"681\" src=\"http:\/\/leschiffonniersmorlaix.fr\/wp-content\/uploads\/2019\/11\/trombinoscope-laurent.jpg\" alt=\"\" class=\"wp-image-681\" srcset=\"https:\/\/leschiffonniersmorlaix.fr\/wp-content\/uploads\/2019\/11\/trombinoscope-laurent.jpg 620w, https:\/\/leschiffonniersmorlaix.fr\/wp-content\/uploads\/2019\/11\/trombinoscope-laurent-400x564.jpg 400w, https:\/\/leschiffonniersmorlaix.fr\/wp-content\/uploads\/2019\/11\/trombinoscope-laurent-213x300.jpg 213w\" sizes=\"auto, (max-width: 620px) 85vw, 620px\" \/><\/figure>\n\n\n\n<figure class=\"wp-block-image size-large\"><img loading=\"lazy\" decoding=\"async\" width=\"620\" height=\"874\" data-id=\"856\" src=\"http:\/\/leschiffonniersmorlaix.fr\/wp-content\/uploads\/2019\/12\/trombinoscope-thomas-2.jpg\" alt=\"\" class=\"wp-image-856\" srcset=\"https:\/\/leschiffonniersmorlaix.fr\/wp-content\/uploads\/2019\/12\/trombinoscope-thomas-2.jpg 620w, https:\/\/leschiffonniersmorlaix.fr\/wp-content\/uploads\/2019\/12\/trombinoscope-thomas-2-400x564.jpg 400w, https:\/\/leschiffonniersmorlaix.fr\/wp-content\/uploads\/2019\/12\/trombinoscope-thomas-2-213x300.jpg 213w\" sizes=\"auto, (max-width: 620px) 85vw, 620px\" \/><\/figure>\n<\/figure>\n","protected":false},"excerpt":{"rendered":"<p>L\u2019ASSOCIATIONUn r\u00f4le environnemental, un r\u00f4le social, un r\u00f4le \u00e9conomique L\u2019association Les Chiffonniers de la Joie a \u00e9t\u00e9 cr\u00e9\u00e9e en 1984 et est devenue l&rsquo;ACOAT, Association Citoyenne Ouvri\u00e8re d&rsquo;Aide par le Travail, en 2003. En 2010 l&rsquo;association s&rsquo;est install\u00e9e au 74 route de Callac \u00e0 Morlaix. Les missions principales de l&rsquo;association sont celles-ci : # Lutter &hellip; <a href=\"https:\/\/leschiffonniersmorlaix.fr\/?page_id=1253\" class=\"more-link\">Continuer la lecture<span class=\"screen-reader-text\"> de &laquo;&nbsp;L&rsquo;Association&nbsp;&raquo;<\/span><\/a><\/p>\n","protected":false},"author":2,"featured_media":0,"parent":0,"menu_order":0,"comment_status":"closed","ping_status":"closed","template":"","meta":{"footnotes":""},"class_list":["post-1253","page","type-page","status-publish","hentry"],"jetpack_sharing_enabled":true,"_links":{"self":[{"href":"https:\/\/leschiffonniersmorlaix.fr\/index.php?rest_route=\/wp\/v2\/pages\/1253","targetHints":{"allow":["GET"]}}],"collection":[{"href":"https:\/\/leschiffonniersmorlaix.fr\/index.php?rest_route=\/wp\/v2\/pages"}],"about":[{"href":"https:\/\/leschiffonniersmorlaix.fr\/index.php?rest_route=\/wp\/v2\/types\/page"}],"author":[{"embeddable":true,"href":"https:\/\/leschiffonniersmorlaix.fr\/index.php?rest_route=\/wp\/v2\/users\/2"}],"replies":[{"embeddable":true,"href":"https:\/\/leschiffonniersmorlaix.fr\/index.php?rest_route=%2Fwp%2Fv2%2Fcomments&post=1253"}],"version-history":[{"count":15,"href":"https:\/\/leschiffonniersmorlaix.fr\/index.php?rest_route=\/wp\/v2\/pages\/1253\/revisions"}],"predecessor-version":[{"id":2459,"href":"https:\/\/leschiffonniersmorlaix.fr\/index.php?rest_route=\/wp\/v2\/pages\/1253\/revisions\/2459"}],"wp:attachment":[{"href":"https:\/\/leschiffonniersmorlaix.fr\/index.php?rest_route=%2Fwp%2Fv2%2Fmedia&parent=1253"}],"curies":[{"name":"wp","href":"https:\/\/api.w.org\/{rel}","templated":true}]}}